{"id":31,"date":"2020-04-13T11:18:52","date_gmt":"2020-04-13T11:18:52","guid":{"rendered":"http:\/\/www.teamassessors.com\/index.php\/about\/"},"modified":"2024-09-24T09:12:45","modified_gmt":"2024-09-24T09:12:45","slug":"about","status":"publish","type":"page","link":"https:\/\/www.teamassessors.com\/index.php\/about\/","title":{"rendered":"Sobre nosotros"},"content":{"rendered":"\t\t<div data-elementor-type=\"wp-page\" data-elementor-id=\"31\" class=\"elementor elementor-31\">\n\t\t\t\t\t\t<section class=\"elementor-section elementor-top-section elementor-element elementor-element-5131a13e elementor-section-boxed elementor-section-height-default elementor-section-height-default\" data-id=\"5131a13e\" data-element_type=\"section\" data-settings=\"{&quot;background_background&quot;:&quot;classic&quot;}\">\n\t\t\t\t\t\t\t<div class=\"elementor-background-overlay\"><\/div>\n\t\t\t\t\t\t\t<div class=\"elementor-container elementor-column-gap-default\">\n\t\t\t\t\t<div class=\"elementor-column elementor-col-100 elementor-top-column elementor-element elementor-element-1053ca7a\" data-id=\"1053ca7a\" data-element_type=\"column\">\n\t\t\t<div class=\"elementor-widget-wrap elementor-element-populated\">\n\t\t\t\t\t\t<div class=\"elementor-element elementor-element-3d99e122 elementor-widget elementor-widget-heading\" data-id=\"3d99e122\" data-element_type=\"widget\" data-widget_type=\"heading.default\">\n\t\t\t\t<div class=\"elementor-widget-container\">\n\t\t\t<h1 class=\"elementor-heading-title elementor-size-default\">Sobre Nosotros<\/h1>\t\t<\/div>\n\t\t\t\t<\/div>\n\t\t\t\t\t<\/div>\n\t\t<\/div>\n\t\t\t\t\t<\/div>\n\t\t<\/section>\n\t\t\t\t<section class=\"elementor-section elementor-top-section elementor-element elementor-element-40177ae0 elementor-section-boxed elementor-section-height-default elementor-section-height-default\" data-id=\"40177ae0\" data-element_type=\"section\">\n\t\t\t\t\t\t<div class=\"elementor-container elementor-column-gap-no\">\n\t\t\t\t\t<div class=\"elementor-column elementor-col-50 elementor-top-column elementor-element elementor-element-2828f573\" data-id=\"2828f573\" data-element_type=\"column\">\n\t\t\t<div class=\"elementor-widget-wrap elementor-element-populated\">\n\t\t\t\t\t\t<div class=\"elementor-element elementor-element-68afc23b elementor-widget elementor-widget-heading\" data-id=\"68afc23b\" data-element_type=\"widget\" data-widget_type=\"heading.default\">\n\t\t\t\t<div class=\"elementor-widget-container\">\n\t\t\t<h1 class=\"elementor-heading-title elementor-size-default\">Desde 1997<\/h1>\t\t<\/div>\n\t\t\t\t<\/div>\n\t\t\t\t\t<\/div>\n\t\t<\/div>\n\t\t\t\t<div class=\"elementor-column elementor-col-50 elementor-top-column elementor-element elementor-element-48096891\" data-id=\"48096891\" data-element_type=\"column\">\n\t\t\t<div class=\"elementor-widget-wrap elementor-element-populated\">\n\t\t\t\t\t\t<div class=\"elementor-element elementor-element-44ce5982 elementor-widget elementor-widget-text-editor\" data-id=\"44ce5982\" data-element_type=\"widget\" data-widget_type=\"text-editor.default\">\n\t\t\t\t<div class=\"elementor-widget-container\">\n\t\t\t\t\t\t\t<p>\u00bfEres aut\u00f3nomo o tienes una pyme? \u00a0\u00a1Tenemos la soluci\u00f3n perfecta para ti!<\/p>\t\t\t\t\t\t<\/div>\n\t\t\t\t<\/div>\n\t\t\t\t<div class=\"elementor-element elementor-element-fbcf439 elementor-widget elementor-widget-image\" data-id=\"fbcf439\" data-element_type=\"widget\" data-widget_type=\"image.default\">\n\t\t\t\t<div class=\"elementor-widget-container\">\n\t\t\t\t\t\t\t\t\t\t\t\t\t<img fetchpriority=\"high\" decoding=\"async\" width=\"1024\" height=\"683\" src=\"https:\/\/www.teamassessors.com\/wp-content\/uploads\/2022\/05\/PHOTO-2022-05-09-16-13-12.jpg\" class=\"attachment-large size-large wp-image-308\" alt=\"Foto de Team Assessors Empresarials, Asesor\u00eda fiscal ubicada en Martorell.\" srcset=\"https:\/\/www.teamassessors.com\/wp-content\/uploads\/2022\/05\/PHOTO-2022-05-09-16-13-12.jpg 1024w, https:\/\/www.teamassessors.com\/wp-content\/uploads\/2022\/05\/PHOTO-2022-05-09-16-13-12-300x200.jpg 300w, https:\/\/www.teamassessors.com\/wp-content\/uploads\/2022\/05\/PHOTO-2022-05-09-16-13-12-768x512.jpg 768w\" sizes=\"(max-width: 1024px) 100vw, 1024px\" \/>\t\t\t\t\t\t\t\t\t\t\t\t\t<\/div>\n\t\t\t\t<\/div>\n\t\t\t\t<div class=\"elementor-element elementor-element-e56ab06 elementor-widget elementor-widget-text-editor\" data-id=\"e56ab06\" data-element_type=\"widget\" data-widget_type=\"text-editor.default\">\n\t\t\t\t<div class=\"elementor-widget-container\">\n\t\t\t\t\t\t\t<p><span style=\"font-style: inherit; color: var(--ast-global-color-3);\">En Team Assessors, nos especializamos en asesor\u00eda fiscal para aut\u00f3nomos y pymes, ofreci\u00e9ndote las mejores estrategias para optimizar la gesti\u00f3n de tus impuestos y llevar tu negocio al siguiente nivel.\u00a0<\/span><\/p><p>\u00bfPor qu\u00e9 elegirnos?<\/p><p><img decoding=\"async\" class=\"emoji\" role=\"img\" draggable=\"false\" src=\"https:\/\/s.w.org\/images\/core\/emoji\/15.0.3\/svg\/2705.svg\" alt=\"\u2705\" \/> Experiencia y Conocimiento: Nuestro equipo de expertos tiene a\u00f1os de experiencia en el sector, asegurando que est\u00e9s siempre al d\u00eda con las normativas fiscales y que aproveches todas las ventajas disponibles.<\/p><p><img decoding=\"async\" class=\"emoji\" role=\"img\" draggable=\"false\" src=\"https:\/\/s.w.org\/images\/core\/emoji\/15.0.3\/svg\/2705.svg\" alt=\"\u2705\" \/> Soluciones Personalizadas:\u00a0<span style=\"font-style: inherit; color: var(--ast-global-color-3);\">Entendemos que cada negocio es \u00fanico. Por eso, ofrecemos asesor\u00eda fiscal adaptada a tus necesidades espec\u00edficas, ya seas un aut\u00f3nomo o una peque\u00f1a y mediana empresa.<\/span><\/p><p><img decoding=\"async\" class=\"emoji\" role=\"img\" draggable=\"false\" src=\"https:\/\/s.w.org\/images\/core\/emoji\/15.0.3\/svg\/2705.svg\" alt=\"\u2705\" \/> Tranquilidad y Confianza: Con nosotros, puedes olvidarte del estr\u00e9s de los tr\u00e1mites fiscales. Nos encargamos de todo para que puedas concentrarte en lo que realmente importa: hacer crecer tu negocio.<\/p><p><img decoding=\"async\" class=\"emoji\" role=\"img\" draggable=\"false\" src=\"https:\/\/s.w.org\/images\/core\/emoji\/15.0.3\/svg\/1f517.svg\" alt=\"\ud83d\udd17\" \/> \u00a1No esperes m\u00e1s! Cont\u00e1ctanos hoy y descubre c\u00f3mo podemos ayudarte a maximizar tu \u00e9xito con nuestra asesor\u00eda fiscal experta.<\/p>\t\t\t\t\t\t<\/div>\n\t\t\t\t<\/div>\n\t\t\t\t\t<\/div>\n\t\t<\/div>\n\t\t\t\t\t<\/div>\n\t\t<\/section>\n\t\t\t\t<\/div>\n\t\t","protected":false},"excerpt":{"rendered":"<p>Sobre Nosotros Desde 1997 \u00bfEres aut\u00f3nomo o tienes una pyme? \u00a0\u00a1Tenemos la soluci\u00f3n perfecta para ti! En Team Assessors, nos especializamos en asesor\u00eda fiscal para aut\u00f3nomos y pymes, ofreci\u00e9ndote las mejores estrategias para optimizar la gesti\u00f3n de tus impuestos y llevar tu negocio al siguiente nivel.\u00a0 \u00bfPor qu\u00e9 elegirnos? Experiencia y Conocimiento: Nuestro equipo de &hellip;<\/p>\n<p class=\"read-more\"> <a class=\"\" href=\"https:\/\/www.teamassessors.com\/index.php\/about\/\"> <span class=\"screen-reader-text\">Sobre nosotros<\/span> Leer m\u00e1s &raquo;<\/a><\/p>\n","protected":false},"author":1,"featured_media":0,"parent":0,"menu_order":0,"comment_status":"closed","ping_status":"closed","template":"","meta":{"site-sidebar-layout":"no-sidebar","site-content-layout":"page-builder","ast-global-header-display":"","ast-main-header-display":"","ast-hfb-above-header-display":"","ast-hfb-below-header-display":"","ast-hfb-mobile-header-display":"","site-post-title":"disabled","ast-breadcrumbs-content":"","ast-featured-img":"","footer-sml-layout":"","theme-transparent-header-meta":"enabled","adv-header-id-meta":"","stick-header-meta":"","header-above-stick-meta":"","header-main-stick-meta":"","header-below-stick-meta":"","footnotes":""},"class_list":["post-31","page","type-page","status-publish","hentry"],"yoast_head":"<!-- This site is optimized with the Yoast SEO plugin v23.7 - https:\/\/yoast.com\/wordpress\/plugins\/seo\/ -->\n<title>Sobre nosotros - Inicio<\/title>\n<meta name=\"robots\" content=\"index, follow, max-snippet:-1, max-image-preview:large, max-video-preview:-1\" \/>\n<link rel=\"canonical\" href=\"https:\/\/www.teamassessors.com\/index.php\/about\/\" \/>\n<meta property=\"og:locale\" content=\"es_ES\" \/>\n<meta property=\"og:type\" content=\"article\" \/>\n<meta property=\"og:title\" content=\"Sobre nosotros - Inicio\" \/>\n<meta property=\"og:description\" content=\"Sobre Nosotros Desde 1997 \u00bfEres aut\u00f3nomo o tienes una pyme? \u00a0\u00a1Tenemos la soluci\u00f3n perfecta para ti! En Team Assessors, nos especializamos en asesor\u00eda fiscal para aut\u00f3nomos y pymes, ofreci\u00e9ndote las mejores estrategias para optimizar la gesti\u00f3n de tus impuestos y llevar tu negocio al siguiente nivel.\u00a0 \u00bfPor qu\u00e9 elegirnos? Experiencia y Conocimiento: Nuestro equipo de &hellip; Sobre nosotros Leer m\u00e1s &raquo;\" \/>\n<meta property=\"og:url\" content=\"https:\/\/www.teamassessors.com\/index.php\/about\/\" \/>\n<meta property=\"og:site_name\" content=\"Inicio\" \/>\n<meta property=\"article:publisher\" content=\"https:\/\/www.instagram.com\/team_assessors_empresarials\/\" \/>\n<meta property=\"article:modified_time\" content=\"2024-09-24T09:12:45+00:00\" \/>\n<meta property=\"og:image\" content=\"http:\/\/www.teamassessors.com\/wp-content\/uploads\/2022\/05\/PHOTO-2022-05-09-16-13-12.jpg\" \/>\n<meta name=\"twitter:card\" content=\"summary_large_image\" \/>\n<meta name=\"twitter:label1\" content=\"Tiempo de lectura\" \/>\n\t<meta name=\"twitter:data1\" content=\"1 minuto\" \/>\n<script type=\"application\/ld+json\" class=\"yoast-schema-graph\">{\"@context\":\"https:\/\/schema.org\",\"@graph\":[{\"@type\":\"WebPage\",\"@id\":\"https:\/\/www.teamassessors.com\/index.php\/about\/\",\"url\":\"https:\/\/www.teamassessors.com\/index.php\/about\/\",\"name\":\"Sobre nosotros - Inicio\",\"isPartOf\":{\"@id\":\"https:\/\/www.teamassessors.com\/#website\"},\"primaryImageOfPage\":{\"@id\":\"https:\/\/www.teamassessors.com\/index.php\/about\/#primaryimage\"},\"image\":{\"@id\":\"https:\/\/www.teamassessors.com\/index.php\/about\/#primaryimage\"},\"thumbnailUrl\":\"http:\/\/www.teamassessors.com\/wp-content\/uploads\/2022\/05\/PHOTO-2022-05-09-16-13-12.jpg\",\"datePublished\":\"2020-04-13T11:18:52+00:00\",\"dateModified\":\"2024-09-24T09:12:45+00:00\",\"breadcrumb\":{\"@id\":\"https:\/\/www.teamassessors.com\/index.php\/about\/#breadcrumb\"},\"inLanguage\":\"es\",\"potentialAction\":[{\"@type\":\"ReadAction\",\"target\":[\"https:\/\/www.teamassessors.com\/index.php\/about\/\"]}]},{\"@type\":\"ImageObject\",\"inLanguage\":\"es\",\"@id\":\"https:\/\/www.teamassessors.com\/index.php\/about\/#primaryimage\",\"url\":\"https:\/\/www.teamassessors.com\/wp-content\/uploads\/2022\/05\/PHOTO-2022-05-09-16-13-12.jpg\",\"contentUrl\":\"https:\/\/www.teamassessors.com\/wp-content\/uploads\/2022\/05\/PHOTO-2022-05-09-16-13-12.jpg\",\"width\":1024,\"height\":683,\"caption\":\"Asesoria fiscal en Martorell Team Asessors\"},{\"@type\":\"BreadcrumbList\",\"@id\":\"https:\/\/www.teamassessors.com\/index.php\/about\/#breadcrumb\",\"itemListElement\":[{\"@type\":\"ListItem\",\"position\":1,\"name\":\"Portada\",\"item\":\"https:\/\/www.teamassessors.com\/\"},{\"@type\":\"ListItem\",\"position\":2,\"name\":\"Sobre nosotros\"}]},{\"@type\":\"WebSite\",\"@id\":\"https:\/\/www.teamassessors.com\/#website\",\"url\":\"https:\/\/www.teamassessors.com\/\",\"name\":\"Team Assessors - Asesor\u00eda-Gestor\u00eda\",\"description\":\"Web de la empresa Team Assessors Empresarials S.L. Asesor\u00eda contable en Martorell\",\"publisher\":{\"@id\":\"https:\/\/www.teamassessors.com\/#organization\"},\"potentialAction\":[{\"@type\":\"SearchAction\",\"target\":{\"@type\":\"EntryPoint\",\"urlTemplate\":\"https:\/\/www.teamassessors.com\/?s={search_term_string}\"},\"query-input\":{\"@type\":\"PropertyValueSpecification\",\"valueRequired\":true,\"valueName\":\"search_term_string\"}}],\"inLanguage\":\"es\"},{\"@type\":\"Organization\",\"@id\":\"https:\/\/www.teamassessors.com\/#organization\",\"name\":\"Team Assessors Empresarials S.L.\",\"url\":\"https:\/\/www.teamassessors.com\/\",\"logo\":{\"@type\":\"ImageObject\",\"inLanguage\":\"es\",\"@id\":\"https:\/\/www.teamassessors.com\/#\/schema\/logo\/image\/\",\"url\":\"https:\/\/www.teamassessors.com\/wp-content\/uploads\/2020\/04\/cropped-Diseno-sin-titulo-2.png\",\"contentUrl\":\"https:\/\/www.teamassessors.com\/wp-content\/uploads\/2020\/04\/cropped-Diseno-sin-titulo-2.png\",\"width\":1080,\"height\":1080,\"caption\":\"Team Assessors Empresarials S.L.\"},\"image\":{\"@id\":\"https:\/\/www.teamassessors.com\/#\/schema\/logo\/image\/\"},\"sameAs\":[\"https:\/\/www.instagram.com\/team_assessors_empresarials\/\"]}]}<\/script>\n<!-- \/ Yoast SEO plugin. -->","yoast_head_json":{"title":"Sobre nosotros - Inicio","robots":{"index":"index","follow":"follow","max-snippet":"max-snippet:-1","max-image-preview":"max-image-preview:large","max-video-preview":"max-video-preview:-1"},"canonical":"https:\/\/www.teamassessors.com\/index.php\/about\/","og_locale":"es_ES","og_type":"article","og_title":"Sobre nosotros - Inicio","og_description":"Sobre Nosotros Desde 1997 \u00bfEres aut\u00f3nomo o tienes una pyme? \u00a0\u00a1Tenemos la soluci\u00f3n perfecta para ti! En Team Assessors, nos especializamos en asesor\u00eda fiscal para aut\u00f3nomos y pymes, ofreci\u00e9ndote las mejores estrategias para optimizar la gesti\u00f3n de tus impuestos y llevar tu negocio al siguiente nivel.\u00a0 \u00bfPor qu\u00e9 elegirnos? Experiencia y Conocimiento: Nuestro equipo de &hellip; Sobre nosotros Leer m\u00e1s &raquo;","og_url":"https:\/\/www.teamassessors.com\/index.php\/about\/","og_site_name":"Inicio","article_publisher":"https:\/\/www.instagram.com\/team_assessors_empresarials\/","article_modified_time":"2024-09-24T09:12:45+00:00","og_image":[{"url":"http:\/\/www.teamassessors.com\/wp-content\/uploads\/2022\/05\/PHOTO-2022-05-09-16-13-12.jpg"}],"twitter_card":"summary_large_image","twitter_misc":{"Tiempo de lectura":"1 minuto"},"schema":{"@context":"https:\/\/schema.org","@graph":[{"@type":"WebPage","@id":"https:\/\/www.teamassessors.com\/index.php\/about\/","url":"https:\/\/www.teamassessors.com\/index.php\/about\/","name":"Sobre nosotros - Inicio","isPartOf":{"@id":"https:\/\/www.teamassessors.com\/#website"},"primaryImageOfPage":{"@id":"https:\/\/www.teamassessors.com\/index.php\/about\/#primaryimage"},"image":{"@id":"https:\/\/www.teamassessors.com\/index.php\/about\/#primaryimage"},"thumbnailUrl":"http:\/\/www.teamassessors.com\/wp-content\/uploads\/2022\/05\/PHOTO-2022-05-09-16-13-12.jpg","datePublished":"2020-04-13T11:18:52+00:00","dateModified":"2024-09-24T09:12:45+00:00","breadcrumb":{"@id":"https:\/\/www.teamassessors.com\/index.php\/about\/#breadcrumb"},"inLanguage":"es","potentialAction":[{"@type":"ReadAction","target":["https:\/\/www.teamassessors.com\/index.php\/about\/"]}]},{"@type":"ImageObject","inLanguage":"es","@id":"https:\/\/www.teamassessors.com\/index.php\/about\/#primaryimage","url":"https:\/\/www.teamassessors.com\/wp-content\/uploads\/2022\/05\/PHOTO-2022-05-09-16-13-12.jpg","contentUrl":"https:\/\/www.teamassessors.com\/wp-content\/uploads\/2022\/05\/PHOTO-2022-05-09-16-13-12.jpg","width":1024,"height":683,"caption":"Asesoria fiscal en Martorell Team Asessors"},{"@type":"BreadcrumbList","@id":"https:\/\/www.teamassessors.com\/index.php\/about\/#breadcrumb","itemListElement":[{"@type":"ListItem","position":1,"name":"Portada","item":"https:\/\/www.teamassessors.com\/"},{"@type":"ListItem","position":2,"name":"Sobre nosotros"}]},{"@type":"WebSite","@id":"https:\/\/www.teamassessors.com\/#website","url":"https:\/\/www.teamassessors.com\/","name":"Team Assessors - Asesor\u00eda-Gestor\u00eda","description":"Web de la empresa Team Assessors Empresarials S.L. Asesor\u00eda contable en Martorell","publisher":{"@id":"https:\/\/www.teamassessors.com\/#organization"},"potentialAction":[{"@type":"SearchAction","target":{"@type":"EntryPoint","urlTemplate":"https:\/\/www.teamassessors.com\/?s={search_term_string}"},"query-input":{"@type":"PropertyValueSpecification","valueRequired":true,"valueName":"search_term_string"}}],"inLanguage":"es"},{"@type":"Organization","@id":"https:\/\/www.teamassessors.com\/#organization","name":"Team Assessors Empresarials S.L.","url":"https:\/\/www.teamassessors.com\/","logo":{"@type":"ImageObject","inLanguage":"es","@id":"https:\/\/www.teamassessors.com\/#\/schema\/logo\/image\/","url":"https:\/\/www.teamassessors.com\/wp-content\/uploads\/2020\/04\/cropped-Diseno-sin-titulo-2.png","contentUrl":"https:\/\/www.teamassessors.com\/wp-content\/uploads\/2020\/04\/cropped-Diseno-sin-titulo-2.png","width":1080,"height":1080,"caption":"Team Assessors Empresarials S.L."},"image":{"@id":"https:\/\/www.teamassessors.com\/#\/schema\/logo\/image\/"},"sameAs":["https:\/\/www.instagram.com\/team_assessors_empresarials\/"]}]}},"_links":{"self":[{"href":"https:\/\/www.teamassessors.com\/index.php\/wp-json\/wp\/v2\/pages\/31","targetHints":{"allow":["GET"]}}],"collection":[{"href":"https:\/\/www.teamassessors.com\/index.php\/wp-json\/wp\/v2\/pages"}],"about":[{"href":"https:\/\/www.teamassessors.com\/index.php\/wp-json\/wp\/v2\/types\/page"}],"author":[{"embeddable":true,"href":"https:\/\/www.teamassessors.com\/index.php\/wp-json\/wp\/v2\/users\/1"}],"replies":[{"embeddable":true,"href":"https:\/\/www.teamassessors.com\/index.php\/wp-json\/wp\/v2\/comments?post=31"}],"version-history":[{"count":32,"href":"https:\/\/www.teamassessors.com\/index.php\/wp-json\/wp\/v2\/pages\/31\/revisions"}],"predecessor-version":[{"id":665,"href":"https:\/\/www.teamassessors.com\/index.php\/wp-json\/wp\/v2\/pages\/31\/revisions\/665"}],"wp:attachment":[{"href":"https:\/\/www.teamassessors.com\/index.php\/wp-json\/wp\/v2\/media?parent=31"}],"curies":[{"name":"wp","href":"https:\/\/api.w.org\/{rel}","templated":true}]}}