{"id":543,"date":"2022-05-27T11:08:46","date_gmt":"2022-05-27T11:08:46","guid":{"rendered":"http:\/\/www.teamassessors.com\/?page_id=543"},"modified":"2022-05-27T11:08:46","modified_gmt":"2022-05-27T11:08:46","slug":"aviso-legal","status":"publish","type":"page","link":"https:\/\/www.teamassessors.com\/index.php\/aviso-legal\/","title":{"rendered":"Aviso Legal"},"content":{"rendered":"\n<h3 class=\"wp-block-heading\">Datos identificativos<\/h3>\n\n\n\n<p>Usted est\u00e1 visitando la p\u00e1gina web https:\/\/www.teamsassessors.com titularidad deTeams Assessors s.l. , con domicilio en calle Aussias March 10 08760 Martorell Cif B66434234 &#8211; inscrita en el Registro Mercantil de Barcelona, en adelante EL TITULAR.<br>Puede contactar con el TITULAR por cualquiera de los siguientes medios:<br>Tel\u00e9fono: 937 755 722 \/ Correo electr\u00f3nico de contacto: info@teamassessors.com<br>Si desea contactar con el hospedaje de la Web, por favor, solic\u00edtelo en el email anterior.<\/p>\n\n\n\n<h3 class=\"wp-block-heading\">Usuarios<\/h3>\n\n\n\n<p>Las presentes condiciones (en adelante Aviso Legal) tiene por finalidad regular el uso de la p\u00e1gina web https:\/\/www.teamassessors.com que el TITULAR pone a disposici\u00f3n del p\u00fablico.<br>El acceso y\/o uso de esta p\u00e1gina web atribuye la condici\u00f3n de USUARIO, que acepta, desde dicho acceso y\/o uso, las condiciones generales de uso aqu\u00ed reflejadas. Las citadas condiciones ser\u00e1n de aplicaci\u00f3n independientemente de las condiciones generales de contrataci\u00f3n que en su caso resulten de obligado cumplimiento.<\/p>\n","protected":false},"excerpt":{"rendered":"<p>Datos identificativos Usted est\u00e1 visitando la p\u00e1gina web https:\/\/www.teamsassessors.com titularidad deTeams Assessors s.l. , con domicilio en calle Aussias March 10 08760 Martorell Cif B66434234 &#8211; inscrita en el Registro Mercantil de Barcelona, en adelante EL TITULAR.Puede contactar con el TITULAR por cualquiera de los siguientes medios:Tel\u00e9fono: 937 755 722 \/ Correo electr\u00f3nico de contacto: &hellip;<\/p>\n<p class=\"read-more\"> <a class=\"\" href=\"https:\/\/www.teamassessors.com\/index.php\/aviso-legal\/\"> <span class=\"screen-reader-text\">Aviso Legal<\/span> Leer m\u00e1s &raquo;<\/a><\/p>\n","protected":false},"author":1,"featured_media":0,"parent":0,"menu_order":0,"comment_status":"closed","ping_status":"closed","template":"","meta":{"site-sidebar-layout":"default","site-content-layout":"default","ast-global-header-display":"","ast-main-header-display":"","ast-hfb-above-header-display":"","ast-hfb-below-header-display":"","ast-hfb-mobile-header-display":"","site-post-title":"","ast-breadcrumbs-content":"","ast-featured-img":"","footer-sml-layout":"","theme-transparent-header-meta":"","adv-header-id-meta":"","stick-header-meta":"","header-above-stick-meta":"","header-main-stick-meta":"","header-below-stick-meta":"","footnotes":""},"class_list":["post-543","page","type-page","status-publish","hentry"],"yoast_head":"<!-- This site is optimized with the Yoast SEO plugin v23.7 - https:\/\/yoast.com\/wordpress\/plugins\/seo\/ -->\n<title>Aviso Legal - Inicio<\/title>\n<meta name=\"robots\" content=\"index, follow, max-snippet:-1, max-image-preview:large, max-video-preview:-1\" \/>\n<link rel=\"canonical\" href=\"https:\/\/www.teamassessors.com\/index.php\/aviso-legal\/\" \/>\n<meta property=\"og:locale\" content=\"es_ES\" \/>\n<meta property=\"og:type\" content=\"article\" \/>\n<meta property=\"og:title\" content=\"Aviso Legal - Inicio\" \/>\n<meta property=\"og:description\" content=\"Datos identificativos Usted est\u00e1 visitando la p\u00e1gina web https:\/\/www.teamsassessors.com titularidad deTeams Assessors s.l. , con domicilio en calle Aussias March 10 08760 Martorell Cif B66434234 &#8211; inscrita en el Registro Mercantil de Barcelona, en adelante EL TITULAR.Puede contactar con el TITULAR por cualquiera de los siguientes medios:Tel\u00e9fono: 937 755 722 \/ Correo electr\u00f3nico de contacto: &hellip; Aviso Legal Leer m\u00e1s &raquo;\" \/>\n<meta property=\"og:url\" content=\"https:\/\/www.teamassessors.com\/index.php\/aviso-legal\/\" \/>\n<meta property=\"og:site_name\" content=\"Inicio\" \/>\n<meta property=\"article:publisher\" content=\"https:\/\/www.instagram.com\/team_assessors_empresarials\/\" \/>\n<meta name=\"twitter:card\" content=\"summary_large_image\" \/>\n<meta name=\"twitter:label1\" content=\"Tiempo de lectura\" \/>\n\t<meta name=\"twitter:data1\" content=\"1 minuto\" \/>\n<script type=\"application\/ld+json\" class=\"yoast-schema-graph\">{\"@context\":\"https:\/\/schema.org\",\"@graph\":[{\"@type\":\"WebPage\",\"@id\":\"https:\/\/www.teamassessors.com\/index.php\/aviso-legal\/\",\"url\":\"https:\/\/www.teamassessors.com\/index.php\/aviso-legal\/\",\"name\":\"Aviso Legal - Inicio\",\"isPartOf\":{\"@id\":\"https:\/\/www.teamassessors.com\/#website\"},\"datePublished\":\"2022-05-27T11:08:46+00:00\",\"dateModified\":\"2022-05-27T11:08:46+00:00\",\"breadcrumb\":{\"@id\":\"https:\/\/www.teamassessors.com\/index.php\/aviso-legal\/#breadcrumb\"},\"inLanguage\":\"es\",\"potentialAction\":[{\"@type\":\"ReadAction\",\"target\":[\"https:\/\/www.teamassessors.com\/index.php\/aviso-legal\/\"]}]},{\"@type\":\"BreadcrumbList\",\"@id\":\"https:\/\/www.teamassessors.com\/index.php\/aviso-legal\/#breadcrumb\",\"itemListElement\":[{\"@type\":\"ListItem\",\"position\":1,\"name\":\"Portada\",\"item\":\"https:\/\/www.teamassessors.com\/\"},{\"@type\":\"ListItem\",\"position\":2,\"name\":\"Aviso Legal\"}]},{\"@type\":\"WebSite\",\"@id\":\"https:\/\/www.teamassessors.com\/#website\",\"url\":\"https:\/\/www.teamassessors.com\/\",\"name\":\"Team Assessors - Asesor\u00eda-Gestor\u00eda\",\"description\":\"Web de la empresa Team Assessors Empresarials S.L. Asesor\u00eda contable en Martorell\",\"publisher\":{\"@id\":\"https:\/\/www.teamassessors.com\/#organization\"},\"potentialAction\":[{\"@type\":\"SearchAction\",\"target\":{\"@type\":\"EntryPoint\",\"urlTemplate\":\"https:\/\/www.teamassessors.com\/?s={search_term_string}\"},\"query-input\":{\"@type\":\"PropertyValueSpecification\",\"valueRequired\":true,\"valueName\":\"search_term_string\"}}],\"inLanguage\":\"es\"},{\"@type\":\"Organization\",\"@id\":\"https:\/\/www.teamassessors.com\/#organization\",\"name\":\"Team Assessors Empresarials S.L.\",\"url\":\"https:\/\/www.teamassessors.com\/\",\"logo\":{\"@type\":\"ImageObject\",\"inLanguage\":\"es\",\"@id\":\"https:\/\/www.teamassessors.com\/#\/schema\/logo\/image\/\",\"url\":\"https:\/\/www.teamassessors.com\/wp-content\/uploads\/2020\/04\/cropped-Diseno-sin-titulo-2.png\",\"contentUrl\":\"https:\/\/www.teamassessors.com\/wp-content\/uploads\/2020\/04\/cropped-Diseno-sin-titulo-2.png\",\"width\":1080,\"height\":1080,\"caption\":\"Team Assessors Empresarials S.L.\"},\"image\":{\"@id\":\"https:\/\/www.teamassessors.com\/#\/schema\/logo\/image\/\"},\"sameAs\":[\"https:\/\/www.instagram.com\/team_assessors_empresarials\/\"]}]}<\/script>\n<!-- \/ Yoast SEO plugin. -->","yoast_head_json":{"title":"Aviso Legal - Inicio","robots":{"index":"index","follow":"follow","max-snippet":"max-snippet:-1","max-image-preview":"max-image-preview:large","max-video-preview":"max-video-preview:-1"},"canonical":"https:\/\/www.teamassessors.com\/index.php\/aviso-legal\/","og_locale":"es_ES","og_type":"article","og_title":"Aviso Legal - Inicio","og_description":"Datos identificativos Usted est\u00e1 visitando la p\u00e1gina web https:\/\/www.teamsassessors.com titularidad deTeams Assessors s.l. , con domicilio en calle Aussias March 10 08760 Martorell Cif B66434234 &#8211; inscrita en el Registro Mercantil de Barcelona, en adelante EL TITULAR.Puede contactar con el TITULAR por cualquiera de los siguientes medios:Tel\u00e9fono: 937 755 722 \/ Correo electr\u00f3nico de contacto: &hellip; Aviso Legal Leer m\u00e1s &raquo;","og_url":"https:\/\/www.teamassessors.com\/index.php\/aviso-legal\/","og_site_name":"Inicio","article_publisher":"https:\/\/www.instagram.com\/team_assessors_empresarials\/","twitter_card":"summary_large_image","twitter_misc":{"Tiempo de lectura":"1 minuto"},"schema":{"@context":"https:\/\/schema.org","@graph":[{"@type":"WebPage","@id":"https:\/\/www.teamassessors.com\/index.php\/aviso-legal\/","url":"https:\/\/www.teamassessors.com\/index.php\/aviso-legal\/","name":"Aviso Legal - Inicio","isPartOf":{"@id":"https:\/\/www.teamassessors.com\/#website"},"datePublished":"2022-05-27T11:08:46+00:00","dateModified":"2022-05-27T11:08:46+00:00","breadcrumb":{"@id":"https:\/\/www.teamassessors.com\/index.php\/aviso-legal\/#breadcrumb"},"inLanguage":"es","potentialAction":[{"@type":"ReadAction","target":["https:\/\/www.teamassessors.com\/index.php\/aviso-legal\/"]}]},{"@type":"BreadcrumbList","@id":"https:\/\/www.teamassessors.com\/index.php\/aviso-legal\/#breadcrumb","itemListElement":[{"@type":"ListItem","position":1,"name":"Portada","item":"https:\/\/www.teamassessors.com\/"},{"@type":"ListItem","position":2,"name":"Aviso Legal"}]},{"@type":"WebSite","@id":"https:\/\/www.teamassessors.com\/#website","url":"https:\/\/www.teamassessors.com\/","name":"Team Assessors - Asesor\u00eda-Gestor\u00eda","description":"Web de la empresa Team Assessors Empresarials S.L. Asesor\u00eda contable en Martorell","publisher":{"@id":"https:\/\/www.teamassessors.com\/#organization"},"potentialAction":[{"@type":"SearchAction","target":{"@type":"EntryPoint","urlTemplate":"https:\/\/www.teamassessors.com\/?s={search_term_string}"},"query-input":{"@type":"PropertyValueSpecification","valueRequired":true,"valueName":"search_term_string"}}],"inLanguage":"es"},{"@type":"Organization","@id":"https:\/\/www.teamassessors.com\/#organization","name":"Team Assessors Empresarials S.L.","url":"https:\/\/www.teamassessors.com\/","logo":{"@type":"ImageObject","inLanguage":"es","@id":"https:\/\/www.teamassessors.com\/#\/schema\/logo\/image\/","url":"https:\/\/www.teamassessors.com\/wp-content\/uploads\/2020\/04\/cropped-Diseno-sin-titulo-2.png","contentUrl":"https:\/\/www.teamassessors.com\/wp-content\/uploads\/2020\/04\/cropped-Diseno-sin-titulo-2.png","width":1080,"height":1080,"caption":"Team Assessors Empresarials S.L."},"image":{"@id":"https:\/\/www.teamassessors.com\/#\/schema\/logo\/image\/"},"sameAs":["https:\/\/www.instagram.com\/team_assessors_empresarials\/"]}]}},"_links":{"self":[{"href":"https:\/\/www.teamassessors.com\/index.php\/wp-json\/wp\/v2\/pages\/543","targetHints":{"allow":["GET"]}}],"collection":[{"href":"https:\/\/www.teamassessors.com\/index.php\/wp-json\/wp\/v2\/pages"}],"about":[{"href":"https:\/\/www.teamassessors.com\/index.php\/wp-json\/wp\/v2\/types\/page"}],"author":[{"embeddable":true,"href":"https:\/\/www.teamassessors.com\/index.php\/wp-json\/wp\/v2\/users\/1"}],"replies":[{"embeddable":true,"href":"https:\/\/www.teamassessors.com\/index.php\/wp-json\/wp\/v2\/comments?post=543"}],"version-history":[{"count":1,"href":"https:\/\/www.teamassessors.com\/index.php\/wp-json\/wp\/v2\/pages\/543\/revisions"}],"predecessor-version":[{"id":544,"href":"https:\/\/www.teamassessors.com\/index.php\/wp-json\/wp\/v2\/pages\/543\/revisions\/544"}],"wp:attachment":[{"href":"https:\/\/www.teamassessors.com\/index.php\/wp-json\/wp\/v2\/media?parent=543"}],"curies":[{"name":"wp","href":"https:\/\/api.w.org\/{rel}","templated":true}]}}