{"id":555,"date":"2022-06-02T09:36:25","date_gmt":"2022-06-02T09:36:25","guid":{"rendered":"http:\/\/www.teamassessors.com\/?page_id=555"},"modified":"2023-04-16T10:25:43","modified_gmt":"2023-04-16T10:25:43","slug":"__trashed-2","status":"publish","type":"page","link":"https:\/\/www.teamassessors.com\/index.php\/__trashed-2\/","title":{"rendered":"Noticias"},"content":{"rendered":"\t\t<div data-elementor-type=\"wp-page\" data-elementor-id=\"555\" class=\"elementor elementor-555\">\n\t\t\t\t\t\t<section class=\"elementor-section elementor-top-section elementor-element elementor-element-a5b8876 elementor-section-boxed elementor-section-height-default elementor-section-height-default\" data-id=\"a5b8876\" data-element_type=\"section\">\n\t\t\t\t\t\t<div class=\"elementor-container elementor-column-gap-default\">\n\t\t\t\t\t<div class=\"elementor-column elementor-col-33 elementor-top-column elementor-element elementor-element-4501e19\" data-id=\"4501e19\" data-element_type=\"column\">\n\t\t\t<div class=\"elementor-widget-wrap elementor-element-populated\">\n\t\t\t\t\t\t<div class=\"elementor-element elementor-element-1808eb7 elementor-widget elementor-widget-heading\" data-id=\"1808eb7\" data-element_type=\"widget\" data-widget_type=\"heading.default\">\n\t\t\t\t<div class=\"elementor-widget-container\">\n\t\t\t<h2 class=\"elementor-heading-title elementor-size-default\">\u00bfc\u00f3mo saber qu\u00e9 IRPF me corresponde como aut\u00f3nomo?<\/h2>\t\t<\/div>\n\t\t\t\t<\/div>\n\t\t\t\t\t<\/div>\n\t\t<\/div>\n\t\t\t\t<div class=\"elementor-column elementor-col-66 elementor-top-column elementor-element elementor-element-0db173d\" data-id=\"0db173d\" data-element_type=\"column\">\n\t\t\t<div class=\"elementor-widget-wrap elementor-element-populated\">\n\t\t\t\t\t\t<div class=\"elementor-element elementor-element-5582718 elementor-widget elementor-widget-text-editor\" data-id=\"5582718\" data-element_type=\"widget\" data-widget_type=\"text-editor.default\">\n\t\t\t\t<div class=\"elementor-widget-container\">\n\t\t\t\t\t\t\t<p style=\"margin-top: 24px; margin-bottom: 0px; padding-top: 1em; padding-bottom: 1em; font-weight: 400; font-style: normal; font-size: 16px; font-family: Raleway; color: #444444; line-height: 24px;\">El IRPF se trata del Impuesto sobre la Renta de las Personas F\u00edsicas. En otras palabras, es un tributo sobre las ganancias de las personas, incluidas aquellas dadas de <a style=\"margin: 0px; padding: 0px; border: 0px; outline: none; font-weight: 600; font-style: inherit; font-family: inherit; vertical-align: baseline; color: #014a77;\" href=\"https:\/\/www.gestasor.com\/alta-autonomos\/\">alta como aut\u00f3nomos<\/a>. En este art\u00edculo, vamos a resolver esa gran duda cuando pensamos en este impuesto:&nbsp;<strong style=\"color: #000000;\"><em>\u201c\u00bfC\u00f3mo saber qu\u00e9 IRPF me corresponde?\u201d<\/em><\/strong>. \u00a1As\u00ed que presta atenci\u00f3n!<\/p>\n<h2 style=\"font-family: Raleway; margin-bottom: 0px; color: #000000; letter-spacing: 1px; font-size: 29px; line-height: 40px; text-transform: uppercase; font-style: normal;\">\u00bfC\u00d3MO Y CU\u00c1NTO ES EL IRPF DE UN AUT\u00d3NOMO?<\/h2>\n<p style=\"margin-top: 24px; margin-bottom: 0px; padding-top: 1em; padding-bottom: 1em; font-weight: 400; font-style: normal; font-size: 16px; font-family: Raleway; color: #444444; line-height: 24px;\">Las retenciones de IRPF de los profesionales por cuenta propia resultan bastante m\u00e1s sencillas que las de los asalariados. Al contrario que los trabajadores por cuenta ajena, los aut\u00f3nomos aplican una retenci\u00f3n fija en su facturaci\u00f3n:<\/p>\n<ul style=\"list-style-type: none; margin-top: 5px; margin-bottom: 20px; margin-left: 0px; color: #444444; font-family: Arial; font-size: 16px; font-style: normal; font-weight: 400;\">\n<li style=\"padding-top: 2px; padding-bottom: 2px; padding-left: 30px; height: auto; line-height: 24px; list-style-position: inside;\">Los aut\u00f3nomos aplican un<strong style=\"color: #000000;\">&nbsp;IRPF del 15%<\/strong>&nbsp;a los ingresos que generen con su trabajo.<\/li>\n<li style=\"padding-top: 2px; padding-bottom: 2px; padding-left: 30px; height: auto; line-height: 24px; list-style-position: inside;\">Si todav\u00eda est\u00e1s en tus dos primeros a\u00f1os de actividad,&nbsp;<strong style=\"color: #000000;\">el porcentaje es del 7%<\/strong>.<\/li>\n<\/ul>\t\t\t\t\t\t<\/div>\n\t\t\t\t<\/div>\n\t\t\t\t\t<\/div>\n\t\t<\/div>\n\t\t\t\t\t<\/div>\n\t\t<\/section>\n\t\t\t\t<section class=\"elementor-section elementor-top-section elementor-element elementor-element-164b284 elementor-section-boxed elementor-section-height-default elementor-section-height-default\" data-id=\"164b284\" data-element_type=\"section\">\n\t\t\t\t\t\t<div class=\"elementor-container elementor-column-gap-default\">\n\t\t\t\t\t<div class=\"elementor-column elementor-col-100 elementor-top-column elementor-element elementor-element-52e6432c\" data-id=\"52e6432c\" data-element_type=\"column\">\n\t\t\t<div class=\"elementor-widget-wrap elementor-element-populated\">\n\t\t\t\t\t\t<div class=\"elementor-element elementor-element-7f765679 elementor-drop-cap-yes elementor-drop-cap-view-default elementor-widget elementor-widget-text-editor\" data-id=\"7f765679\" data-element_type=\"widget\" data-settings=\"{&quot;drop_cap&quot;:&quot;yes&quot;}\" data-widget_type=\"text-editor.default\">\n\t\t\t\t<div class=\"elementor-widget-container\">\n\t\t\t\t\t\t\t<p><img decoding=\"async\" class=\"wp-image-561 alignleft\" src=\"http:\/\/www.teamassessors.com\/wp-content\/uploads\/2022\/06\/Hacienda-300x143.jpg\" alt=\"\" width=\"300\" height=\"143\" srcset=\"https:\/\/www.teamassessors.com\/wp-content\/uploads\/2022\/06\/Hacienda-300x143.jpg 300w, https:\/\/www.teamassessors.com\/wp-content\/uploads\/2022\/06\/Hacienda.jpg 669w\" sizes=\"(max-width: 300px) 100vw, 300px\" \/><span style=\"vertical-align: inherit;\"><span style=\"vertical-align: inherit;\"><span style=\"vertical-align: inherit;\"><span style=\"vertical-align: inherit;\">Campa\u00f1a de la Renta.<\/span><\/span><\/span><\/span><\/p><p><span style=\"vertical-align: inherit;\"><span style=\"vertical-align: inherit;\"><span style=\"vertical-align: inherit;\"><span style=\"vertical-align: inherit;\">La\u00a0 <\/span><\/span><\/span><\/span><strong><span style=\"vertical-align: inherit;\"><span style=\"vertical-align: inherit;\"><span style=\"vertical-align: inherit;\"><span style=\"vertical-align: inherit;\">campa\u00f1a de la renta 2023<\/span><\/span><\/span><\/span><\/strong><span style=\"vertical-align: inherit;\"><span style=\"vertical-align: inherit;\"><span style=\"vertical-align: inherit;\"><span style=\"vertical-align: inherit;\"> \u00a0llega con algunas novedades a tener en cuenta <\/span><\/span><\/span><\/span><strong><span style=\"vertical-align: inherit;\"><span style=\"vertical-align: inherit;\"><span style=\"vertical-align: inherit;\"><span style=\"vertical-align: inherit;\">. <\/span><\/span><\/span><\/span><\/strong>\u00a0<strong><span style=\"vertical-align: inherit;\"><span style=\"vertical-align: inherit;\"><span style=\"vertical-align: inherit;\"><span style=\"vertical-align: inherit;\">A partir de este 11 de abril, los contribuyentes pueden realizar la declaraci\u00f3n de la renta<\/span><\/span><\/span><\/span><\/strong><span style=\"vertical-align: inherit;\"><span style=\"vertical-align: inherit;\"><span style=\"vertical-align: inherit;\"><span style=\"vertical-align: inherit;\"> , que corresponde al ejercicio de 2022, y dispondr\u00e1n <\/span><\/span><\/span><\/span><strong><span style=\"vertical-align: inherit;\"><span style=\"vertical-align: inherit;\"><span style=\"vertical-align: inherit;\"><span style=\"vertical-align: inherit;\">hasta el 30 de junio<\/span><\/span><\/span><\/span><\/strong><span style=\"vertical-align: inherit;\"><span style=\"vertical-align: inherit;\"><span style=\"vertical-align: inherit;\"><span style=\"vertical-align: inherit;\"> \u00a0para hacer sus gestiones fiscales.<\/span><\/span><\/span><\/span><\/p>\t\t\t\t\t\t<\/div>\n\t\t\t\t<\/div>\n\t\t\t\t\t<\/div>\n\t\t<\/div>\n\t\t\t\t\t<\/div>\n\t\t<\/section>\n\t\t\t\t<section class=\"elementor-section elementor-top-section elementor-element elementor-element-aa44fea elementor-section-boxed elementor-section-height-default elementor-section-height-default\" data-id=\"aa44fea\" data-element_type=\"section\">\n\t\t\t\t\t\t<div class=\"elementor-container elementor-column-gap-default\">\n\t\t\t\t\t<div class=\"elementor-column elementor-col-100 elementor-top-column elementor-element elementor-element-15794f1\" data-id=\"15794f1\" data-element_type=\"column\">\n\t\t\t<div class=\"elementor-widget-wrap\">\n\t\t\t\t\t\t\t<\/div>\n\t\t<\/div>\n\t\t\t\t\t<\/div>\n\t\t<\/section>\n\t\t\t\t<\/div>\n\t\t","protected":false},"excerpt":{"rendered":"<p>\u00bfc\u00f3mo saber qu\u00e9 IRPF me corresponde como aut\u00f3nomo? El IRPF se trata del Impuesto sobre la Renta de las Personas F\u00edsicas. En otras palabras, es un tributo sobre las ganancias de las personas, incluidas aquellas dadas de alta como aut\u00f3nomos. En este art\u00edculo, vamos a resolver esa gran duda cuando pensamos en este impuesto:&nbsp;\u201c\u00bfC\u00f3mo saber &hellip;<\/p>\n<p class=\"read-more\"> <a class=\"\" href=\"https:\/\/www.teamassessors.com\/index.php\/__trashed-2\/\"> <span class=\"screen-reader-text\">Noticias<\/span> Leer m\u00e1s &raquo;<\/a><\/p>\n","protected":false},"author":1,"featured_media":0,"parent":0,"menu_order":0,"comment_status":"closed","ping_status":"closed","template":"","meta":{"site-sidebar-layout":"default","site-content-layout":"default","ast-global-header-display":"","ast-main-header-display":"","ast-hfb-above-header-display":"","ast-hfb-below-header-display":"","ast-hfb-mobile-header-display":"","site-post-title":"","ast-breadcrumbs-content":"","ast-featured-img":"","footer-sml-layout":"","theme-transparent-header-meta":"","adv-header-id-meta":"","stick-header-meta":"","header-above-stick-meta":"","header-main-stick-meta":"","header-below-stick-meta":"","footnotes":""},"class_list":["post-555","page","type-page","status-publish","hentry"],"yoast_head":"<!-- This site is optimized with the Yoast SEO plugin v23.7 - https:\/\/yoast.com\/wordpress\/plugins\/seo\/ -->\n<title>Noticias - Inicio<\/title>\n<meta name=\"robots\" content=\"index, follow, max-snippet:-1, max-image-preview:large, max-video-preview:-1\" \/>\n<link rel=\"canonical\" href=\"https:\/\/www.teamassessors.com\/index.php\/__trashed-2\/\" \/>\n<meta property=\"og:locale\" content=\"es_ES\" \/>\n<meta property=\"og:type\" content=\"article\" \/>\n<meta property=\"og:title\" content=\"Noticias - Inicio\" \/>\n<meta property=\"og:description\" content=\"\u00bfc\u00f3mo saber qu\u00e9 IRPF me corresponde como aut\u00f3nomo? El IRPF se trata del Impuesto sobre la Renta de las Personas F\u00edsicas. En otras palabras, es un tributo sobre las ganancias de las personas, incluidas aquellas dadas de alta como aut\u00f3nomos. En este art\u00edculo, vamos a resolver esa gran duda cuando pensamos en este impuesto:&nbsp;\u201c\u00bfC\u00f3mo saber &hellip; Noticias Leer m\u00e1s &raquo;\" \/>\n<meta property=\"og:url\" content=\"https:\/\/www.teamassessors.com\/index.php\/__trashed-2\/\" \/>\n<meta property=\"og:site_name\" content=\"Inicio\" \/>\n<meta property=\"article:publisher\" content=\"https:\/\/www.instagram.com\/team_assessors_empresarials\/\" \/>\n<meta property=\"article:modified_time\" content=\"2023-04-16T10:25:43+00:00\" \/>\n<meta property=\"og:image\" content=\"https:\/\/www.teamassessors.com\/wp-content\/uploads\/2022\/06\/Hacienda.jpg\" \/>\n\t<meta property=\"og:image:width\" content=\"669\" \/>\n\t<meta property=\"og:image:height\" content=\"318\" \/>\n\t<meta property=\"og:image:type\" content=\"image\/jpeg\" \/>\n<meta name=\"twitter:card\" content=\"summary_large_image\" \/>\n<meta name=\"twitter:label1\" content=\"Tiempo de lectura\" \/>\n\t<meta name=\"twitter:data1\" content=\"1 minuto\" \/>\n<script type=\"application\/ld+json\" class=\"yoast-schema-graph\">{\"@context\":\"https:\/\/schema.org\",\"@graph\":[{\"@type\":\"WebPage\",\"@id\":\"https:\/\/www.teamassessors.com\/index.php\/__trashed-2\/\",\"url\":\"https:\/\/www.teamassessors.com\/index.php\/__trashed-2\/\",\"name\":\"Noticias - Inicio\",\"isPartOf\":{\"@id\":\"https:\/\/www.teamassessors.com\/#website\"},\"primaryImageOfPage\":{\"@id\":\"https:\/\/www.teamassessors.com\/index.php\/__trashed-2\/#primaryimage\"},\"image\":{\"@id\":\"https:\/\/www.teamassessors.com\/index.php\/__trashed-2\/#primaryimage\"},\"thumbnailUrl\":\"http:\/\/www.teamassessors.com\/wp-content\/uploads\/2022\/06\/Hacienda-300x143.jpg\",\"datePublished\":\"2022-06-02T09:36:25+00:00\",\"dateModified\":\"2023-04-16T10:25:43+00:00\",\"breadcrumb\":{\"@id\":\"https:\/\/www.teamassessors.com\/index.php\/__trashed-2\/#breadcrumb\"},\"inLanguage\":\"es\",\"potentialAction\":[{\"@type\":\"ReadAction\",\"target\":[\"https:\/\/www.teamassessors.com\/index.php\/__trashed-2\/\"]}]},{\"@type\":\"ImageObject\",\"inLanguage\":\"es\",\"@id\":\"https:\/\/www.teamassessors.com\/index.php\/__trashed-2\/#primaryimage\",\"url\":\"https:\/\/www.teamassessors.com\/wp-content\/uploads\/2022\/06\/Hacienda.jpg\",\"contentUrl\":\"https:\/\/www.teamassessors.com\/wp-content\/uploads\/2022\/06\/Hacienda.jpg\",\"width\":669,\"height\":318},{\"@type\":\"BreadcrumbList\",\"@id\":\"https:\/\/www.teamassessors.com\/index.php\/__trashed-2\/#breadcrumb\",\"itemListElement\":[{\"@type\":\"ListItem\",\"position\":1,\"name\":\"Portada\",\"item\":\"https:\/\/www.teamassessors.com\/\"},{\"@type\":\"ListItem\",\"position\":2,\"name\":\"Noticias\"}]},{\"@type\":\"WebSite\",\"@id\":\"https:\/\/www.teamassessors.com\/#website\",\"url\":\"https:\/\/www.teamassessors.com\/\",\"name\":\"Team Assessors - Asesor\u00eda-Gestor\u00eda\",\"description\":\"Web de la empresa Team Assessors Empresarials S.L. Asesor\u00eda contable en Martorell\",\"publisher\":{\"@id\":\"https:\/\/www.teamassessors.com\/#organization\"},\"potentialAction\":[{\"@type\":\"SearchAction\",\"target\":{\"@type\":\"EntryPoint\",\"urlTemplate\":\"https:\/\/www.teamassessors.com\/?s={search_term_string}\"},\"query-input\":{\"@type\":\"PropertyValueSpecification\",\"valueRequired\":true,\"valueName\":\"search_term_string\"}}],\"inLanguage\":\"es\"},{\"@type\":\"Organization\",\"@id\":\"https:\/\/www.teamassessors.com\/#organization\",\"name\":\"Team Assessors Empresarials S.L.\",\"url\":\"https:\/\/www.teamassessors.com\/\",\"logo\":{\"@type\":\"ImageObject\",\"inLanguage\":\"es\",\"@id\":\"https:\/\/www.teamassessors.com\/#\/schema\/logo\/image\/\",\"url\":\"https:\/\/www.teamassessors.com\/wp-content\/uploads\/2020\/04\/cropped-Diseno-sin-titulo-2.png\",\"contentUrl\":\"https:\/\/www.teamassessors.com\/wp-content\/uploads\/2020\/04\/cropped-Diseno-sin-titulo-2.png\",\"width\":1080,\"height\":1080,\"caption\":\"Team Assessors Empresarials S.L.\"},\"image\":{\"@id\":\"https:\/\/www.teamassessors.com\/#\/schema\/logo\/image\/\"},\"sameAs\":[\"https:\/\/www.instagram.com\/team_assessors_empresarials\/\"]}]}<\/script>\n<!-- \/ Yoast SEO plugin. -->","yoast_head_json":{"title":"Noticias - Inicio","robots":{"index":"index","follow":"follow","max-snippet":"max-snippet:-1","max-image-preview":"max-image-preview:large","max-video-preview":"max-video-preview:-1"},"canonical":"https:\/\/www.teamassessors.com\/index.php\/__trashed-2\/","og_locale":"es_ES","og_type":"article","og_title":"Noticias - Inicio","og_description":"\u00bfc\u00f3mo saber qu\u00e9 IRPF me corresponde como aut\u00f3nomo? El IRPF se trata del Impuesto sobre la Renta de las Personas F\u00edsicas. En otras palabras, es un tributo sobre las ganancias de las personas, incluidas aquellas dadas de alta como aut\u00f3nomos. En este art\u00edculo, vamos a resolver esa gran duda cuando pensamos en este impuesto:&nbsp;\u201c\u00bfC\u00f3mo saber &hellip; Noticias Leer m\u00e1s &raquo;","og_url":"https:\/\/www.teamassessors.com\/index.php\/__trashed-2\/","og_site_name":"Inicio","article_publisher":"https:\/\/www.instagram.com\/team_assessors_empresarials\/","article_modified_time":"2023-04-16T10:25:43+00:00","og_image":[{"width":669,"height":318,"url":"https:\/\/www.teamassessors.com\/wp-content\/uploads\/2022\/06\/Hacienda.jpg","type":"image\/jpeg"}],"twitter_card":"summary_large_image","twitter_misc":{"Tiempo de lectura":"1 minuto"},"schema":{"@context":"https:\/\/schema.org","@graph":[{"@type":"WebPage","@id":"https:\/\/www.teamassessors.com\/index.php\/__trashed-2\/","url":"https:\/\/www.teamassessors.com\/index.php\/__trashed-2\/","name":"Noticias - Inicio","isPartOf":{"@id":"https:\/\/www.teamassessors.com\/#website"},"primaryImageOfPage":{"@id":"https:\/\/www.teamassessors.com\/index.php\/__trashed-2\/#primaryimage"},"image":{"@id":"https:\/\/www.teamassessors.com\/index.php\/__trashed-2\/#primaryimage"},"thumbnailUrl":"http:\/\/www.teamassessors.com\/wp-content\/uploads\/2022\/06\/Hacienda-300x143.jpg","datePublished":"2022-06-02T09:36:25+00:00","dateModified":"2023-04-16T10:25:43+00:00","breadcrumb":{"@id":"https:\/\/www.teamassessors.com\/index.php\/__trashed-2\/#breadcrumb"},"inLanguage":"es","potentialAction":[{"@type":"ReadAction","target":["https:\/\/www.teamassessors.com\/index.php\/__trashed-2\/"]}]},{"@type":"ImageObject","inLanguage":"es","@id":"https:\/\/www.teamassessors.com\/index.php\/__trashed-2\/#primaryimage","url":"https:\/\/www.teamassessors.com\/wp-content\/uploads\/2022\/06\/Hacienda.jpg","contentUrl":"https:\/\/www.teamassessors.com\/wp-content\/uploads\/2022\/06\/Hacienda.jpg","width":669,"height":318},{"@type":"BreadcrumbList","@id":"https:\/\/www.teamassessors.com\/index.php\/__trashed-2\/#breadcrumb","itemListElement":[{"@type":"ListItem","position":1,"name":"Portada","item":"https:\/\/www.teamassessors.com\/"},{"@type":"ListItem","position":2,"name":"Noticias"}]},{"@type":"WebSite","@id":"https:\/\/www.teamassessors.com\/#website","url":"https:\/\/www.teamassessors.com\/","name":"Team Assessors - Asesor\u00eda-Gestor\u00eda","description":"Web de la empresa Team Assessors Empresarials S.L. Asesor\u00eda contable en Martorell","publisher":{"@id":"https:\/\/www.teamassessors.com\/#organization"},"potentialAction":[{"@type":"SearchAction","target":{"@type":"EntryPoint","urlTemplate":"https:\/\/www.teamassessors.com\/?s={search_term_string}"},"query-input":{"@type":"PropertyValueSpecification","valueRequired":true,"valueName":"search_term_string"}}],"inLanguage":"es"},{"@type":"Organization","@id":"https:\/\/www.teamassessors.com\/#organization","name":"Team Assessors Empresarials S.L.","url":"https:\/\/www.teamassessors.com\/","logo":{"@type":"ImageObject","inLanguage":"es","@id":"https:\/\/www.teamassessors.com\/#\/schema\/logo\/image\/","url":"https:\/\/www.teamassessors.com\/wp-content\/uploads\/2020\/04\/cropped-Diseno-sin-titulo-2.png","contentUrl":"https:\/\/www.teamassessors.com\/wp-content\/uploads\/2020\/04\/cropped-Diseno-sin-titulo-2.png","width":1080,"height":1080,"caption":"Team Assessors Empresarials S.L."},"image":{"@id":"https:\/\/www.teamassessors.com\/#\/schema\/logo\/image\/"},"sameAs":["https:\/\/www.instagram.com\/team_assessors_empresarials\/"]}]}},"_links":{"self":[{"href":"https:\/\/www.teamassessors.com\/index.php\/wp-json\/wp\/v2\/pages\/555","targetHints":{"allow":["GET"]}}],"collection":[{"href":"https:\/\/www.teamassessors.com\/index.php\/wp-json\/wp\/v2\/pages"}],"about":[{"href":"https:\/\/www.teamassessors.com\/index.php\/wp-json\/wp\/v2\/types\/page"}],"author":[{"embeddable":true,"href":"https:\/\/www.teamassessors.com\/index.php\/wp-json\/wp\/v2\/users\/1"}],"replies":[{"embeddable":true,"href":"https:\/\/www.teamassessors.com\/index.php\/wp-json\/wp\/v2\/comments?post=555"}],"version-history":[{"count":16,"href":"https:\/\/www.teamassessors.com\/index.php\/wp-json\/wp\/v2\/pages\/555\/revisions"}],"predecessor-version":[{"id":608,"href":"https:\/\/www.teamassessors.com\/index.php\/wp-json\/wp\/v2\/pages\/555\/revisions\/608"}],"wp:attachment":[{"href":"https:\/\/www.teamassessors.com\/index.php\/wp-json\/wp\/v2\/media?parent=555"}],"curies":[{"name":"wp","href":"https:\/\/api.w.org\/{rel}","templated":true}]}}