{"id":610,"date":"2023-05-11T15:05:05","date_gmt":"2023-05-11T15:05:05","guid":{"rendered":"https:\/\/www.teamassessors.com\/?page_id=610"},"modified":"2024-10-24T13:27:50","modified_gmt":"2024-10-24T13:27:50","slug":"actualidad","status":"publish","type":"page","link":"https:\/\/www.teamassessors.com\/index.php\/actualidad\/","title":{"rendered":"Actualidad"},"content":{"rendered":"\t\t<div data-elementor-type=\"wp-page\" data-elementor-id=\"610\" class=\"elementor elementor-610\">\n\t\t\t\t\t\t<section class=\"elementor-section elementor-top-section elementor-element elementor-element-6c115b7 elementor-section-boxed elementor-section-height-default elementor-section-height-default\" data-id=\"6c115b7\" data-element_type=\"section\">\n\t\t\t\t\t\t<div class=\"elementor-container elementor-column-gap-default\">\n\t\t\t\t\t<div class=\"elementor-column elementor-col-100 elementor-top-column elementor-element elementor-element-3f8874d\" data-id=\"3f8874d\" data-element_type=\"column\">\n\t\t\t<div class=\"elementor-widget-wrap\">\n\t\t\t\t\t\t\t<\/div>\n\t\t<\/div>\n\t\t\t\t\t<\/div>\n\t\t<\/section>\n\t\t\t\t<section class=\"elementor-section elementor-top-section elementor-element elementor-element-ff12b57 elementor-section-boxed elementor-section-height-default elementor-section-height-default\" data-id=\"ff12b57\" data-element_type=\"section\">\n\t\t\t\t\t\t<div class=\"elementor-container elementor-column-gap-default\">\n\t\t\t\t\t<div class=\"elementor-column elementor-col-100 elementor-top-column elementor-element elementor-element-30e4332\" data-id=\"30e4332\" data-element_type=\"column\">\n\t\t\t<div class=\"elementor-widget-wrap elementor-element-populated\">\n\t\t\t\t\t\t<div class=\"elementor-element elementor-element-394882d elementor-widget elementor-widget-text-editor\" data-id=\"394882d\" data-element_type=\"widget\" data-widget_type=\"text-editor.default\">\n\t\t\t\t<div class=\"elementor-widget-container\">\n\t\t\t\t\t\t\t<h1 style=\"text-align: center;\">\u00daltimas Noticias y Actualizaciones de Team Assessors<\/h1>\t\t\t\t\t\t<\/div>\n\t\t\t\t<\/div>\n\t\t\t\t\t<\/div>\n\t\t<\/div>\n\t\t\t\t\t<\/div>\n\t\t<\/section>\n\t\t\t\t<section class=\"elementor-section elementor-top-section elementor-element elementor-element-ba896ac elementor-section-full_width elementor-section-height-full elementor-section-height-default elementor-section-items-middle\" data-id=\"ba896ac\" data-element_type=\"section\">\n\t\t\t\t\t\t<div class=\"elementor-container elementor-column-gap-default\">\n\t\t\t\t\t<div class=\"elementor-column elementor-col-100 elementor-top-column elementor-element elementor-element-0497a7a\" data-id=\"0497a7a\" data-element_type=\"column\">\n\t\t\t<div class=\"elementor-widget-wrap elementor-element-populated\">\n\t\t\t\t\t\t<div class=\"elementor-element elementor-element-cab8ee1 elementor-widget elementor-widget-html\" data-id=\"cab8ee1\" data-element_type=\"widget\" data-widget_type=\"html.default\">\n\t\t\t\t<div class=\"elementor-widget-container\">\n\t\t\t<script defer data-key=\"3153b643-52f4-4189-a343-f5784f23b4dd\" src=\"https:\/\/widget.tochat.be\/lefebvre\/bundle.js\"><\/script>\r\n\r\n<!--Llamada a javascript de Clientlink' -->\r\n\r\n \r\n\r\n<script src=\"https:\/\/repository.clientlink.es\/assets\/js\/script_iframe.js\"><\/script>\r\n\r\n \r\n\r\n<!--Llamadas iframe de ClientLink ' -->\r\n\r\n \r\n\r\n<iframe width=\"100%\" height=\"100%\" frameborder=\"0\" id=\"bcw_iframe\" scroll-top=\"yes\" src=\"https:\/\/teamassessors.clientlink.es\" instance=\"es\" lang=\"es\">\r\n\r\n \r\n\r\n<\/iframe>\t\t<\/div>\n\t\t\t\t<\/div>\n\t\t\t\t\t<\/div>\n\t\t<\/div>\n\t\t\t\t\t<\/div>\n\t\t<\/section>\n\t\t\t\t<\/div>\n\t\t","protected":false},"excerpt":{"rendered":"<p>\u00daltimas Noticias y Actualizaciones de Team Assessors<\/p>\n","protected":false},"author":1,"featured_media":0,"parent":0,"menu_order":0,"comment_status":"closed","ping_status":"closed","template":"elementor_header_footer","meta":{"site-sidebar-layout":"no-sidebar","site-content-layout":"page-builder","ast-global-header-display":"","ast-main-header-display":"","ast-hfb-above-header-display":"","ast-hfb-below-header-display":"","ast-hfb-mobile-header-display":"","site-post-title":"disabled","ast-breadcrumbs-content":"","ast-featured-img":"disabled","footer-sml-layout":"","theme-transparent-header-meta":"","adv-header-id-meta":"","stick-header-meta":"","header-above-stick-meta":"","header-main-stick-meta":"","header-below-stick-meta":"","footnotes":""},"class_list":["post-610","page","type-page","status-publish","hentry"],"yoast_head":"<!-- This site is optimized with the Yoast SEO plugin v23.7 - https:\/\/yoast.com\/wordpress\/plugins\/seo\/ -->\n<title>Actualidad - Inicio<\/title>\n<meta name=\"robots\" content=\"index, follow, max-snippet:-1, max-image-preview:large, max-video-preview:-1\" \/>\n<link rel=\"canonical\" href=\"https:\/\/www.teamassessors.com\/index.php\/actualidad\/\" \/>\n<meta property=\"og:locale\" content=\"es_ES\" \/>\n<meta property=\"og:type\" content=\"article\" \/>\n<meta property=\"og:title\" content=\"Actualidad - Inicio\" \/>\n<meta property=\"og:description\" content=\"\u00daltimas Noticias y Actualizaciones de Team Assessors\" \/>\n<meta property=\"og:url\" content=\"https:\/\/www.teamassessors.com\/index.php\/actualidad\/\" \/>\n<meta property=\"og:site_name\" content=\"Inicio\" \/>\n<meta property=\"article:publisher\" content=\"https:\/\/www.instagram.com\/team_assessors_empresarials\/\" \/>\n<meta property=\"article:modified_time\" content=\"2024-10-24T13:27:50+00:00\" \/>\n<meta name=\"twitter:card\" content=\"summary_large_image\" \/>\n<script type=\"application\/ld+json\" class=\"yoast-schema-graph\">{\"@context\":\"https:\/\/schema.org\",\"@graph\":[{\"@type\":\"WebPage\",\"@id\":\"https:\/\/www.teamassessors.com\/index.php\/actualidad\/\",\"url\":\"https:\/\/www.teamassessors.com\/index.php\/actualidad\/\",\"name\":\"Actualidad - Inicio\",\"isPartOf\":{\"@id\":\"https:\/\/www.teamassessors.com\/#website\"},\"datePublished\":\"2023-05-11T15:05:05+00:00\",\"dateModified\":\"2024-10-24T13:27:50+00:00\",\"breadcrumb\":{\"@id\":\"https:\/\/www.teamassessors.com\/index.php\/actualidad\/#breadcrumb\"},\"inLanguage\":\"es\",\"potentialAction\":[{\"@type\":\"ReadAction\",\"target\":[\"https:\/\/www.teamassessors.com\/index.php\/actualidad\/\"]}]},{\"@type\":\"BreadcrumbList\",\"@id\":\"https:\/\/www.teamassessors.com\/index.php\/actualidad\/#breadcrumb\",\"itemListElement\":[{\"@type\":\"ListItem\",\"position\":1,\"name\":\"Portada\",\"item\":\"https:\/\/www.teamassessors.com\/\"},{\"@type\":\"ListItem\",\"position\":2,\"name\":\"Actualidad\"}]},{\"@type\":\"WebSite\",\"@id\":\"https:\/\/www.teamassessors.com\/#website\",\"url\":\"https:\/\/www.teamassessors.com\/\",\"name\":\"Team Assessors - Asesor\u00eda-Gestor\u00eda\",\"description\":\"Web de la empresa Team Assessors Empresarials S.L. Asesor\u00eda contable en Martorell\",\"publisher\":{\"@id\":\"https:\/\/www.teamassessors.com\/#organization\"},\"potentialAction\":[{\"@type\":\"SearchAction\",\"target\":{\"@type\":\"EntryPoint\",\"urlTemplate\":\"https:\/\/www.teamassessors.com\/?s={search_term_string}\"},\"query-input\":{\"@type\":\"PropertyValueSpecification\",\"valueRequired\":true,\"valueName\":\"search_term_string\"}}],\"inLanguage\":\"es\"},{\"@type\":\"Organization\",\"@id\":\"https:\/\/www.teamassessors.com\/#organization\",\"name\":\"Team Assessors Empresarials S.L.\",\"url\":\"https:\/\/www.teamassessors.com\/\",\"logo\":{\"@type\":\"ImageObject\",\"inLanguage\":\"es\",\"@id\":\"https:\/\/www.teamassessors.com\/#\/schema\/logo\/image\/\",\"url\":\"https:\/\/www.teamassessors.com\/wp-content\/uploads\/2020\/04\/cropped-Diseno-sin-titulo-2.png\",\"contentUrl\":\"https:\/\/www.teamassessors.com\/wp-content\/uploads\/2020\/04\/cropped-Diseno-sin-titulo-2.png\",\"width\":1080,\"height\":1080,\"caption\":\"Team Assessors Empresarials S.L.\"},\"image\":{\"@id\":\"https:\/\/www.teamassessors.com\/#\/schema\/logo\/image\/\"},\"sameAs\":[\"https:\/\/www.instagram.com\/team_assessors_empresarials\/\"]}]}<\/script>\n<!-- \/ Yoast SEO plugin. -->","yoast_head_json":{"title":"Actualidad - Inicio","robots":{"index":"index","follow":"follow","max-snippet":"max-snippet:-1","max-image-preview":"max-image-preview:large","max-video-preview":"max-video-preview:-1"},"canonical":"https:\/\/www.teamassessors.com\/index.php\/actualidad\/","og_locale":"es_ES","og_type":"article","og_title":"Actualidad - Inicio","og_description":"\u00daltimas Noticias y Actualizaciones de Team Assessors","og_url":"https:\/\/www.teamassessors.com\/index.php\/actualidad\/","og_site_name":"Inicio","article_publisher":"https:\/\/www.instagram.com\/team_assessors_empresarials\/","article_modified_time":"2024-10-24T13:27:50+00:00","twitter_card":"summary_large_image","schema":{"@context":"https:\/\/schema.org","@graph":[{"@type":"WebPage","@id":"https:\/\/www.teamassessors.com\/index.php\/actualidad\/","url":"https:\/\/www.teamassessors.com\/index.php\/actualidad\/","name":"Actualidad - Inicio","isPartOf":{"@id":"https:\/\/www.teamassessors.com\/#website"},"datePublished":"2023-05-11T15:05:05+00:00","dateModified":"2024-10-24T13:27:50+00:00","breadcrumb":{"@id":"https:\/\/www.teamassessors.com\/index.php\/actualidad\/#breadcrumb"},"inLanguage":"es","potentialAction":[{"@type":"ReadAction","target":["https:\/\/www.teamassessors.com\/index.php\/actualidad\/"]}]},{"@type":"BreadcrumbList","@id":"https:\/\/www.teamassessors.com\/index.php\/actualidad\/#breadcrumb","itemListElement":[{"@type":"ListItem","position":1,"name":"Portada","item":"https:\/\/www.teamassessors.com\/"},{"@type":"ListItem","position":2,"name":"Actualidad"}]},{"@type":"WebSite","@id":"https:\/\/www.teamassessors.com\/#website","url":"https:\/\/www.teamassessors.com\/","name":"Team Assessors - Asesor\u00eda-Gestor\u00eda","description":"Web de la empresa Team Assessors Empresarials S.L. Asesor\u00eda contable en Martorell","publisher":{"@id":"https:\/\/www.teamassessors.com\/#organization"},"potentialAction":[{"@type":"SearchAction","target":{"@type":"EntryPoint","urlTemplate":"https:\/\/www.teamassessors.com\/?s={search_term_string}"},"query-input":{"@type":"PropertyValueSpecification","valueRequired":true,"valueName":"search_term_string"}}],"inLanguage":"es"},{"@type":"Organization","@id":"https:\/\/www.teamassessors.com\/#organization","name":"Team Assessors Empresarials S.L.","url":"https:\/\/www.teamassessors.com\/","logo":{"@type":"ImageObject","inLanguage":"es","@id":"https:\/\/www.teamassessors.com\/#\/schema\/logo\/image\/","url":"https:\/\/www.teamassessors.com\/wp-content\/uploads\/2020\/04\/cropped-Diseno-sin-titulo-2.png","contentUrl":"https:\/\/www.teamassessors.com\/wp-content\/uploads\/2020\/04\/cropped-Diseno-sin-titulo-2.png","width":1080,"height":1080,"caption":"Team Assessors Empresarials S.L."},"image":{"@id":"https:\/\/www.teamassessors.com\/#\/schema\/logo\/image\/"},"sameAs":["https:\/\/www.instagram.com\/team_assessors_empresarials\/"]}]}},"_links":{"self":[{"href":"https:\/\/www.teamassessors.com\/index.php\/wp-json\/wp\/v2\/pages\/610","targetHints":{"allow":["GET"]}}],"collection":[{"href":"https:\/\/www.teamassessors.com\/index.php\/wp-json\/wp\/v2\/pages"}],"about":[{"href":"https:\/\/www.teamassessors.com\/index.php\/wp-json\/wp\/v2\/types\/page"}],"author":[{"embeddable":true,"href":"https:\/\/www.teamassessors.com\/index.php\/wp-json\/wp\/v2\/users\/1"}],"replies":[{"embeddable":true,"href":"https:\/\/www.teamassessors.com\/index.php\/wp-json\/wp\/v2\/comments?post=610"}],"version-history":[{"count":22,"href":"https:\/\/www.teamassessors.com\/index.php\/wp-json\/wp\/v2\/pages\/610\/revisions"}],"predecessor-version":[{"id":846,"href":"https:\/\/www.teamassessors.com\/index.php\/wp-json\/wp\/v2\/pages\/610\/revisions\/846"}],"wp:attachment":[{"href":"https:\/\/www.teamassessors.com\/index.php\/wp-json\/wp\/v2\/media?parent=610"}],"curies":[{"name":"wp","href":"https:\/\/api.w.org\/{rel}","templated":true}]}}