{"id":777,"date":"2024-10-09T14:52:30","date_gmt":"2024-10-09T14:52:30","guid":{"rendered":"https:\/\/www.teamassessors.com\/?page_id=777"},"modified":"2024-10-24T13:35:30","modified_gmt":"2024-10-24T13:35:30","slug":"asesoria-fiscal-en-martorell","status":"publish","type":"page","link":"https:\/\/www.teamassessors.com\/index.php\/asesoria-fiscal-en-martorell\/","title":{"rendered":"Asesor\u00eda fiscal en Martorell"},"content":{"rendered":"\t\t<div data-elementor-type=\"wp-page\" data-elementor-id=\"777\" class=\"elementor elementor-777\">\n\t\t\t\t\t\t<section class=\"elementor-section elementor-top-section elementor-element elementor-element-85ee386 elementor-section-boxed elementor-section-height-default elementor-section-height-default elementor-invisible\" data-id=\"85ee386\" data-element_type=\"section\" data-settings=\"{&quot;animation&quot;:&quot;fadeInDown&quot;}\">\n\t\t\t\t\t\t<div class=\"elementor-container elementor-column-gap-default\">\n\t\t\t\t\t<div class=\"elementor-column elementor-col-100 elementor-top-column elementor-element elementor-element-4767485\" data-id=\"4767485\" data-element_type=\"column\">\n\t\t\t<div class=\"elementor-widget-wrap elementor-element-populated\">\n\t\t\t\t\t\t<div class=\"elementor-element elementor-element-9ce9791 elementor-widget elementor-widget-image\" data-id=\"9ce9791\" data-element_type=\"widget\" data-widget_type=\"image.default\">\n\t\t\t\t<div class=\"elementor-widget-container\">\n\t\t\t\t\t\t\t\t\t\t<figure class=\"wp-caption\">\n\t\t\t\t\t\t\t\t\t\t<img fetchpriority=\"high\" decoding=\"async\" width=\"768\" height=\"512\" src=\"https:\/\/www.teamassessors.com\/wp-content\/uploads\/2024\/09\/oficina-2-768x512.jpg\" class=\"attachment-medium_large size-medium_large wp-image-662\" alt=\"\" srcset=\"https:\/\/www.teamassessors.com\/wp-content\/uploads\/2024\/09\/oficina-2-768x512.jpg 768w, https:\/\/www.teamassessors.com\/wp-content\/uploads\/2024\/09\/oficina-2-300x200.jpg 300w, https:\/\/www.teamassessors.com\/wp-content\/uploads\/2024\/09\/oficina-2-1024x683.jpg 1024w, https:\/\/www.teamassessors.com\/wp-content\/uploads\/2024\/09\/oficina-2-1536x1024.jpg 1536w, https:\/\/www.teamassessors.com\/wp-content\/uploads\/2024\/09\/oficina-2-2048x1365.jpg 2048w\" sizes=\"(max-width: 768px) 100vw, 768px\" \/>\t\t\t\t\t\t\t\t\t\t\t<figcaption class=\"widget-image-caption wp-caption-text\"><\/figcaption>\n\t\t\t\t\t\t\t\t\t\t<\/figure>\n\t\t\t\t\t\t\t<\/div>\n\t\t\t\t<\/div>\n\t\t\t\t\t<\/div>\n\t\t<\/div>\n\t\t\t\t\t<\/div>\n\t\t<\/section>\n\t\t\t\t<section class=\"elementor-section elementor-top-section elementor-element elementor-element-6858fef elementor-section-boxed elementor-section-height-default elementor-section-height-default\" data-id=\"6858fef\" data-element_type=\"section\">\n\t\t\t\t\t\t<div class=\"elementor-container elementor-column-gap-default\">\n\t\t\t\t\t<div class=\"elementor-column elementor-col-100 elementor-top-column elementor-element elementor-element-599dbce\" data-id=\"599dbce\" data-element_type=\"column\">\n\t\t\t<div class=\"elementor-widget-wrap elementor-element-populated\">\n\t\t\t\t\t\t<div class=\"elementor-element elementor-element-d290d85 elementor-widget elementor-widget-heading\" data-id=\"d290d85\" data-element_type=\"widget\" data-widget_type=\"heading.default\">\n\t\t\t\t<div class=\"elementor-widget-container\">\n\t\t\t<h1 class=\"elementor-heading-title elementor-size-default\"><p style=\"font-style: normal; letter-spacing: normal; white-space: normal; caret-color: rgb(0, 0, 0); color: rgb(0, 0, 0);\"><strong>Asesor\u00eda Fiscal en Martorell para Empresas y Aut\u00f3nomos<\/strong><span style=\"color: var(--ast-global-color-2); font-style: inherit; letter-spacing: 2.5px; white-space: pre-wrap; background-color: var(--ast-global-color-4);\"><\/span><\/p><\/h1>\t\t<\/div>\n\t\t\t\t<\/div>\n\t\t\t\t<div class=\"elementor-element elementor-element-45e17cb elementor-widget elementor-widget-text-editor\" data-id=\"45e17cb\" data-element_type=\"widget\" data-widget_type=\"text-editor.default\">\n\t\t\t\t<div class=\"elementor-widget-container\">\n\t\t\t\t\t\t\t<h2>Conf\u00eda en nuestra <strong>asesor\u00eda fiscal en Martorell<\/strong> para optimizar tus impuestos. Servicios personalizados para empresas y aut\u00f3nomos, garantizando cumplimiento normativo y ahorro fiscal.<\/h2>\t\t\t\t\t\t<\/div>\n\t\t\t\t<\/div>\n\t\t\t\t\t<\/div>\n\t\t<\/div>\n\t\t\t\t\t<\/div>\n\t\t<\/section>\n\t\t\t\t<section class=\"elementor-section elementor-top-section elementor-element elementor-element-90aa93c elementor-section-boxed elementor-section-height-default elementor-section-height-default\" data-id=\"90aa93c\" data-element_type=\"section\">\n\t\t\t\t\t\t<div class=\"elementor-container elementor-column-gap-default\">\n\t\t\t\t\t<div class=\"elementor-column elementor-col-33 elementor-top-column elementor-element elementor-element-af13212\" data-id=\"af13212\" data-element_type=\"column\">\n\t\t\t<div class=\"elementor-widget-wrap elementor-element-populated\">\n\t\t\t\t\t\t<div class=\"elementor-element elementor-element-2b39e56 elementor-widget elementor-widget-text-editor\" data-id=\"2b39e56\" data-element_type=\"widget\" data-widget_type=\"text-editor.default\">\n\t\t\t\t<div class=\"elementor-widget-container\">\n\t\t\t\t\t\t\t<p><span style=\"text-decoration: underline;\"><strong>\u00bfQu\u00e9 incluye nuestra asesor\u00eda fiscal?<\/strong><\/span><\/p><ul><li><strong>Declaraci\u00f3n de impuestos:<\/strong> IRPF, IVA, Sociedades, etc.<\/li><li><strong>Optimizaci\u00f3n fiscal para aut\u00f3nomos y pymes<\/strong><\/li><li><strong>Planificaci\u00f3n fiscal estrat\u00e9gica<\/strong><\/li><li><strong>Gesti\u00f3n de impuestos locales y nacionales<\/strong><\/li><\/ul>\t\t\t\t\t\t<\/div>\n\t\t\t\t<\/div>\n\t\t\t\t\t<\/div>\n\t\t<\/div>\n\t\t\t\t<div class=\"elementor-column elementor-col-33 elementor-top-column elementor-element elementor-element-f4d0667\" data-id=\"f4d0667\" data-element_type=\"column\">\n\t\t\t<div class=\"elementor-widget-wrap elementor-element-populated\">\n\t\t\t\t\t\t<div class=\"elementor-element elementor-element-d3d965d elementor-widget elementor-widget-text-editor\" data-id=\"d3d965d\" data-element_type=\"widget\" data-widget_type=\"text-editor.default\">\n\t\t\t\t<div class=\"elementor-widget-container\">\n\t\t\t\t\t\t\t<p><span style=\"text-decoration: underline;\"><strong>\u00bfPor qu\u00e9 elegir nuestra asesor\u00eda fiscal?<\/strong><\/span><\/p><p>\u00a0<\/p><p>Con m\u00e1s de 20 a\u00f1os de experiencia, nuestros asesores fiscales garantizan una planificaci\u00f3n \u00f3ptima, un an\u00e1lisis detallado de tu situaci\u00f3n y la seguridad de estar siempre al d\u00eda con las normativas tributarias.<\/p>\t\t\t\t\t\t<\/div>\n\t\t\t\t<\/div>\n\t\t\t\t\t<\/div>\n\t\t<\/div>\n\t\t\t\t<div class=\"elementor-column elementor-col-33 elementor-top-column elementor-element elementor-element-a6755b9\" data-id=\"a6755b9\" data-element_type=\"column\">\n\t\t\t<div class=\"elementor-widget-wrap elementor-element-populated\">\n\t\t\t\t\t\t<div class=\"elementor-element elementor-element-7ff1787 elementor-widget elementor-widget-text-editor\" data-id=\"7ff1787\" data-element_type=\"widget\" data-widget_type=\"text-editor.default\">\n\t\t\t\t<div class=\"elementor-widget-container\">\n\t\t\t\t\t\t\t<p><span style=\"text-decoration: underline;\"><strong>Beneficios de trabajar con Team Assessors:<\/strong><\/span><\/p><ul><li>Cumplimiento total de obligaciones fiscales<\/li><li>Ahorro de tiempo y costes<\/li><li>Reducci\u00f3n de cargas fiscales mediante estrategias personalizadas<\/li><\/ul>\t\t\t\t\t\t<\/div>\n\t\t\t\t<\/div>\n\t\t\t\t\t<\/div>\n\t\t<\/div>\n\t\t\t\t\t<\/div>\n\t\t<\/section>\n\t\t\t\t<section class=\"elementor-section elementor-top-section elementor-element elementor-element-6af547a elementor-section-boxed elementor-section-height-default elementor-section-height-default\" data-id=\"6af547a\" data-element_type=\"section\">\n\t\t\t\t\t\t<div class=\"elementor-container elementor-column-gap-default\">\n\t\t\t\t\t<div class=\"elementor-column elementor-col-100 elementor-top-column elementor-element elementor-element-b678a26\" data-id=\"b678a26\" data-element_type=\"column\">\n\t\t\t<div class=\"elementor-widget-wrap elementor-element-populated\">\n\t\t\t\t\t\t<div class=\"elementor-element elementor-element-cf97546 elementor-widget elementor-widget-text-editor\" data-id=\"cf97546\" data-element_type=\"widget\" data-widget_type=\"text-editor.default\">\n\t\t\t\t<div class=\"elementor-widget-container\">\n\t\t\t\t\t\t\t<h2 style=\"text-align: center;\"><strong>\u00a1Solicita tu consulta ahora!<\/strong><\/h2><p style=\"text-align: center;\">Optimiza tus impuestos con la experiencia de <em>Team Assessors<\/em>.<\/p><p style=\"text-align: center;\">Ll\u00e1manos al<strong> 9<span class=\"OYPEnA font-feature-liga-off font-feature-clig-off font-feature-calt-off text-decoration-none text-strikethrough-none\">3 775 57 22<\/span><\/strong>\u00a0o agenda una cita en nuestro formulario online.<\/p>\t\t\t\t\t\t<\/div>\n\t\t\t\t<\/div>\n\t\t\t\t\t<\/div>\n\t\t<\/div>\n\t\t\t\t\t<\/div>\n\t\t<\/section>\n\t\t\t\t<\/div>\n\t\t","protected":false},"excerpt":{"rendered":"<p>Asesor\u00eda Fiscal en Martorell para Empresas y Aut\u00f3nomos Conf\u00eda en nuestra asesor\u00eda fiscal en Martorell para optimizar tus impuestos. Servicios personalizados para empresas y aut\u00f3nomos, garantizando cumplimiento normativo y ahorro fiscal. \u00bfQu\u00e9 incluye nuestra asesor\u00eda fiscal? Declaraci\u00f3n de impuestos: IRPF, IVA, Sociedades, etc. Optimizaci\u00f3n fiscal para aut\u00f3nomos y pymes Planificaci\u00f3n fiscal estrat\u00e9gica Gesti\u00f3n de impuestos &hellip;<\/p>\n<p class=\"read-more\"> <a class=\"\" href=\"https:\/\/www.teamassessors.com\/index.php\/asesoria-fiscal-en-martorell\/\"> <span class=\"screen-reader-text\">Asesor\u00eda fiscal en Martorell<\/span> Leer m\u00e1s &raquo;<\/a><\/p>\n","protected":false},"author":1,"featured_media":0,"parent":0,"menu_order":0,"comment_status":"closed","ping_status":"closed","template":"","meta":{"site-sidebar-layout":"no-sidebar","site-content-layout":"page-builder","ast-global-header-display":"","ast-main-header-display":"","ast-hfb-above-header-display":"","ast-hfb-below-header-display":"","ast-hfb-mobile-header-display":"","site-post-title":"disabled","ast-breadcrumbs-content":"","ast-featured-img":"disabled","footer-sml-layout":"","theme-transparent-header-meta":"","adv-header-id-meta":"","stick-header-meta":"","header-above-stick-meta":"","header-main-stick-meta":"","header-below-stick-meta":"","footnotes":""},"class_list":["post-777","page","type-page","status-publish","hentry"],"yoast_head":"<!-- This site is optimized with the Yoast SEO plugin v23.7 - https:\/\/yoast.com\/wordpress\/plugins\/seo\/ -->\n<title>Asesor\u00eda fiscal en Martorell - Inicio<\/title>\n<meta name=\"robots\" content=\"index, follow, max-snippet:-1, max-image-preview:large, max-video-preview:-1\" \/>\n<link rel=\"canonical\" href=\"https:\/\/www.teamassessors.com\/index.php\/asesoria-fiscal-en-martorell\/\" \/>\n<meta property=\"og:locale\" content=\"es_ES\" \/>\n<meta property=\"og:type\" content=\"article\" \/>\n<meta property=\"og:title\" content=\"Asesor\u00eda fiscal en Martorell - Inicio\" \/>\n<meta property=\"og:description\" content=\"Asesor\u00eda Fiscal en Martorell para Empresas y Aut\u00f3nomos Conf\u00eda en nuestra asesor\u00eda fiscal en Martorell para optimizar tus impuestos. Servicios personalizados para empresas y aut\u00f3nomos, garantizando cumplimiento normativo y ahorro fiscal. \u00bfQu\u00e9 incluye nuestra asesor\u00eda fiscal? Declaraci\u00f3n de impuestos: IRPF, IVA, Sociedades, etc. Optimizaci\u00f3n fiscal para aut\u00f3nomos y pymes Planificaci\u00f3n fiscal estrat\u00e9gica Gesti\u00f3n de impuestos &hellip; Asesor\u00eda fiscal en Martorell Leer m\u00e1s &raquo;\" \/>\n<meta property=\"og:url\" content=\"https:\/\/www.teamassessors.com\/index.php\/asesoria-fiscal-en-martorell\/\" \/>\n<meta property=\"og:site_name\" content=\"Inicio\" \/>\n<meta property=\"article:publisher\" content=\"https:\/\/www.instagram.com\/team_assessors_empresarials\/\" \/>\n<meta property=\"article:modified_time\" content=\"2024-10-24T13:35:30+00:00\" \/>\n<meta property=\"og:image\" content=\"http:\/\/www.teamassessors.com\/wp-content\/uploads\/2024\/09\/oficina-2-768x512.jpg\" \/>\n<meta name=\"twitter:card\" content=\"summary_large_image\" \/>\n<meta name=\"twitter:label1\" content=\"Tiempo de lectura\" \/>\n\t<meta name=\"twitter:data1\" content=\"1 minuto\" \/>\n<script type=\"application\/ld+json\" class=\"yoast-schema-graph\">{\"@context\":\"https:\/\/schema.org\",\"@graph\":[{\"@type\":\"WebPage\",\"@id\":\"https:\/\/www.teamassessors.com\/index.php\/asesoria-fiscal-en-martorell\/\",\"url\":\"https:\/\/www.teamassessors.com\/index.php\/asesoria-fiscal-en-martorell\/\",\"name\":\"Asesor\u00eda fiscal en Martorell - Inicio\",\"isPartOf\":{\"@id\":\"https:\/\/www.teamassessors.com\/#website\"},\"primaryImageOfPage\":{\"@id\":\"https:\/\/www.teamassessors.com\/index.php\/asesoria-fiscal-en-martorell\/#primaryimage\"},\"image\":{\"@id\":\"https:\/\/www.teamassessors.com\/index.php\/asesoria-fiscal-en-martorell\/#primaryimage\"},\"thumbnailUrl\":\"http:\/\/www.teamassessors.com\/wp-content\/uploads\/2024\/09\/oficina-2-768x512.jpg\",\"datePublished\":\"2024-10-09T14:52:30+00:00\",\"dateModified\":\"2024-10-24T13:35:30+00:00\",\"breadcrumb\":{\"@id\":\"https:\/\/www.teamassessors.com\/index.php\/asesoria-fiscal-en-martorell\/#breadcrumb\"},\"inLanguage\":\"es\",\"potentialAction\":[{\"@type\":\"ReadAction\",\"target\":[\"https:\/\/www.teamassessors.com\/index.php\/asesoria-fiscal-en-martorell\/\"]}]},{\"@type\":\"ImageObject\",\"inLanguage\":\"es\",\"@id\":\"https:\/\/www.teamassessors.com\/index.php\/asesoria-fiscal-en-martorell\/#primaryimage\",\"url\":\"https:\/\/www.teamassessors.com\/wp-content\/uploads\/2024\/09\/oficina-2-scaled.jpg\",\"contentUrl\":\"https:\/\/www.teamassessors.com\/wp-content\/uploads\/2024\/09\/oficina-2-scaled.jpg\",\"width\":2560,\"height\":1707},{\"@type\":\"BreadcrumbList\",\"@id\":\"https:\/\/www.teamassessors.com\/index.php\/asesoria-fiscal-en-martorell\/#breadcrumb\",\"itemListElement\":[{\"@type\":\"ListItem\",\"position\":1,\"name\":\"Portada\",\"item\":\"https:\/\/www.teamassessors.com\/\"},{\"@type\":\"ListItem\",\"position\":2,\"name\":\"Asesor\u00eda fiscal en Martorell\"}]},{\"@type\":\"WebSite\",\"@id\":\"https:\/\/www.teamassessors.com\/#website\",\"url\":\"https:\/\/www.teamassessors.com\/\",\"name\":\"Team Assessors - Asesor\u00eda-Gestor\u00eda\",\"description\":\"Web de la empresa Team Assessors Empresarials S.L. Asesor\u00eda contable en Martorell\",\"publisher\":{\"@id\":\"https:\/\/www.teamassessors.com\/#organization\"},\"potentialAction\":[{\"@type\":\"SearchAction\",\"target\":{\"@type\":\"EntryPoint\",\"urlTemplate\":\"https:\/\/www.teamassessors.com\/?s={search_term_string}\"},\"query-input\":{\"@type\":\"PropertyValueSpecification\",\"valueRequired\":true,\"valueName\":\"search_term_string\"}}],\"inLanguage\":\"es\"},{\"@type\":\"Organization\",\"@id\":\"https:\/\/www.teamassessors.com\/#organization\",\"name\":\"Team Assessors Empresarials S.L.\",\"url\":\"https:\/\/www.teamassessors.com\/\",\"logo\":{\"@type\":\"ImageObject\",\"inLanguage\":\"es\",\"@id\":\"https:\/\/www.teamassessors.com\/#\/schema\/logo\/image\/\",\"url\":\"https:\/\/www.teamassessors.com\/wp-content\/uploads\/2020\/04\/cropped-Diseno-sin-titulo-2.png\",\"contentUrl\":\"https:\/\/www.teamassessors.com\/wp-content\/uploads\/2020\/04\/cropped-Diseno-sin-titulo-2.png\",\"width\":1080,\"height\":1080,\"caption\":\"Team Assessors Empresarials S.L.\"},\"image\":{\"@id\":\"https:\/\/www.teamassessors.com\/#\/schema\/logo\/image\/\"},\"sameAs\":[\"https:\/\/www.instagram.com\/team_assessors_empresarials\/\"]}]}<\/script>\n<!-- \/ Yoast SEO plugin. -->","yoast_head_json":{"title":"Asesor\u00eda fiscal en Martorell - Inicio","robots":{"index":"index","follow":"follow","max-snippet":"max-snippet:-1","max-image-preview":"max-image-preview:large","max-video-preview":"max-video-preview:-1"},"canonical":"https:\/\/www.teamassessors.com\/index.php\/asesoria-fiscal-en-martorell\/","og_locale":"es_ES","og_type":"article","og_title":"Asesor\u00eda fiscal en Martorell - Inicio","og_description":"Asesor\u00eda Fiscal en Martorell para Empresas y Aut\u00f3nomos Conf\u00eda en nuestra asesor\u00eda fiscal en Martorell para optimizar tus impuestos. Servicios personalizados para empresas y aut\u00f3nomos, garantizando cumplimiento normativo y ahorro fiscal. \u00bfQu\u00e9 incluye nuestra asesor\u00eda fiscal? Declaraci\u00f3n de impuestos: IRPF, IVA, Sociedades, etc. Optimizaci\u00f3n fiscal para aut\u00f3nomos y pymes Planificaci\u00f3n fiscal estrat\u00e9gica Gesti\u00f3n de impuestos &hellip; Asesor\u00eda fiscal en Martorell Leer m\u00e1s &raquo;","og_url":"https:\/\/www.teamassessors.com\/index.php\/asesoria-fiscal-en-martorell\/","og_site_name":"Inicio","article_publisher":"https:\/\/www.instagram.com\/team_assessors_empresarials\/","article_modified_time":"2024-10-24T13:35:30+00:00","og_image":[{"url":"http:\/\/www.teamassessors.com\/wp-content\/uploads\/2024\/09\/oficina-2-768x512.jpg"}],"twitter_card":"summary_large_image","twitter_misc":{"Tiempo de lectura":"1 minuto"},"schema":{"@context":"https:\/\/schema.org","@graph":[{"@type":"WebPage","@id":"https:\/\/www.teamassessors.com\/index.php\/asesoria-fiscal-en-martorell\/","url":"https:\/\/www.teamassessors.com\/index.php\/asesoria-fiscal-en-martorell\/","name":"Asesor\u00eda fiscal en Martorell - Inicio","isPartOf":{"@id":"https:\/\/www.teamassessors.com\/#website"},"primaryImageOfPage":{"@id":"https:\/\/www.teamassessors.com\/index.php\/asesoria-fiscal-en-martorell\/#primaryimage"},"image":{"@id":"https:\/\/www.teamassessors.com\/index.php\/asesoria-fiscal-en-martorell\/#primaryimage"},"thumbnailUrl":"http:\/\/www.teamassessors.com\/wp-content\/uploads\/2024\/09\/oficina-2-768x512.jpg","datePublished":"2024-10-09T14:52:30+00:00","dateModified":"2024-10-24T13:35:30+00:00","breadcrumb":{"@id":"https:\/\/www.teamassessors.com\/index.php\/asesoria-fiscal-en-martorell\/#breadcrumb"},"inLanguage":"es","potentialAction":[{"@type":"ReadAction","target":["https:\/\/www.teamassessors.com\/index.php\/asesoria-fiscal-en-martorell\/"]}]},{"@type":"ImageObject","inLanguage":"es","@id":"https:\/\/www.teamassessors.com\/index.php\/asesoria-fiscal-en-martorell\/#primaryimage","url":"https:\/\/www.teamassessors.com\/wp-content\/uploads\/2024\/09\/oficina-2-scaled.jpg","contentUrl":"https:\/\/www.teamassessors.com\/wp-content\/uploads\/2024\/09\/oficina-2-scaled.jpg","width":2560,"height":1707},{"@type":"BreadcrumbList","@id":"https:\/\/www.teamassessors.com\/index.php\/asesoria-fiscal-en-martorell\/#breadcrumb","itemListElement":[{"@type":"ListItem","position":1,"name":"Portada","item":"https:\/\/www.teamassessors.com\/"},{"@type":"ListItem","position":2,"name":"Asesor\u00eda fiscal en Martorell"}]},{"@type":"WebSite","@id":"https:\/\/www.teamassessors.com\/#website","url":"https:\/\/www.teamassessors.com\/","name":"Team Assessors - Asesor\u00eda-Gestor\u00eda","description":"Web de la empresa Team Assessors Empresarials S.L. Asesor\u00eda contable en Martorell","publisher":{"@id":"https:\/\/www.teamassessors.com\/#organization"},"potentialAction":[{"@type":"SearchAction","target":{"@type":"EntryPoint","urlTemplate":"https:\/\/www.teamassessors.com\/?s={search_term_string}"},"query-input":{"@type":"PropertyValueSpecification","valueRequired":true,"valueName":"search_term_string"}}],"inLanguage":"es"},{"@type":"Organization","@id":"https:\/\/www.teamassessors.com\/#organization","name":"Team Assessors Empresarials S.L.","url":"https:\/\/www.teamassessors.com\/","logo":{"@type":"ImageObject","inLanguage":"es","@id":"https:\/\/www.teamassessors.com\/#\/schema\/logo\/image\/","url":"https:\/\/www.teamassessors.com\/wp-content\/uploads\/2020\/04\/cropped-Diseno-sin-titulo-2.png","contentUrl":"https:\/\/www.teamassessors.com\/wp-content\/uploads\/2020\/04\/cropped-Diseno-sin-titulo-2.png","width":1080,"height":1080,"caption":"Team Assessors Empresarials S.L."},"image":{"@id":"https:\/\/www.teamassessors.com\/#\/schema\/logo\/image\/"},"sameAs":["https:\/\/www.instagram.com\/team_assessors_empresarials\/"]}]}},"_links":{"self":[{"href":"https:\/\/www.teamassessors.com\/index.php\/wp-json\/wp\/v2\/pages\/777","targetHints":{"allow":["GET"]}}],"collection":[{"href":"https:\/\/www.teamassessors.com\/index.php\/wp-json\/wp\/v2\/pages"}],"about":[{"href":"https:\/\/www.teamassessors.com\/index.php\/wp-json\/wp\/v2\/types\/page"}],"author":[{"embeddable":true,"href":"https:\/\/www.teamassessors.com\/index.php\/wp-json\/wp\/v2\/users\/1"}],"replies":[{"embeddable":true,"href":"https:\/\/www.teamassessors.com\/index.php\/wp-json\/wp\/v2\/comments?post=777"}],"version-history":[{"count":7,"href":"https:\/\/www.teamassessors.com\/index.php\/wp-json\/wp\/v2\/pages\/777\/revisions"}],"predecessor-version":[{"id":849,"href":"https:\/\/www.teamassessors.com\/index.php\/wp-json\/wp\/v2\/pages\/777\/revisions\/849"}],"wp:attachment":[{"href":"https:\/\/www.teamassessors.com\/index.php\/wp-json\/wp\/v2\/media?parent=777"}],"curies":[{"name":"wp","href":"https:\/\/api.w.org\/{rel}","templated":true}]}}